{"id":997,"date":"2024-03-10T16:55:02","date_gmt":"2024-03-10T15:55:02","guid":{"rendered":"https:\/\/perdifly.com\/?post_type=product&#038;p=997"},"modified":"2025-10-29T10:50:44","modified_gmt":"2025-10-29T09:50:44","slug":"gammare-vincent","status":"publish","type":"product","link":"https:\/\/perdifly.com\/index.php\/produit\/gammare-vincent\/","title":{"rendered":"Gammare l\u00e9ger jaune"},"content":{"rendered":"<ul>\n<li>Hame\u00e7on : Ahrex FW511 ( \u00e9quivalent TMC 2499)<\/li>\n<li>Plombage : 10 tour fil plomb et fil plat pour la coque<\/li>\n<li>Carapace\u00a0 Body stretch<\/li>\n<li>Corps dubbing haretron<\/li>\n<li>Fil Veevus 16\/0<\/li>\n<li>vernis : UV Varnish Gulff<\/li>\n<\/ul>\n","protected":false},"excerpt":{"rendered":"<p>Le gammare l\u00e9ger vient tout droit de l&rsquo;imagination d&rsquo;un p\u00e9cheur amoureux des Balkans.<\/p>\n<p>Ce petit gammare l\u00e9g\u00e8rement lest\u00e9 est redoutable sur les truites et les ombres quelques soit la p\u00e9riode de l&rsquo;ann\u00e9e.<\/p>\n<p>Il existe en deux tailles 14 ou 16.<\/p>\n","protected":false},"featured_media":2814,"template":"","meta":{"neve_meta_sidebar":"","neve_meta_container":"","neve_meta_enable_content_width":"off","neve_meta_content_width":70,"neve_meta_title_alignment":"","neve_meta_author_avatar":"","neve_post_elements_order":"","neve_meta_disable_header":"","neve_meta_disable_footer":"","neve_meta_disable_title":"","_themeisle_gutenberg_block_has_review":false},"product_brand":[],"product_cat":[135],"product_tag":[],"class_list":{"0":"post-997","1":"product","2":"type-product","3":"status-publish","4":"has-post-thumbnail","6":"product_cat-gammares","8":"first","9":"instock","10":"taxable","11":"shipping-taxable","12":"purchasable","13":"product-type-variable"},"_links":{"self":[{"href":"https:\/\/perdifly.com\/index.php\/wp-json\/wp\/v2\/product\/997","targetHints":{"allow":["GET"]}}],"collection":[{"href":"https:\/\/perdifly.com\/index.php\/wp-json\/wp\/v2\/product"}],"about":[{"href":"https:\/\/perdifly.com\/index.php\/wp-json\/wp\/v2\/types\/product"}],"wp:featuredmedia":[{"embeddable":true,"href":"https:\/\/perdifly.com\/index.php\/wp-json\/wp\/v2\/media\/2814"}],"wp:attachment":[{"href":"https:\/\/perdifly.com\/index.php\/wp-json\/wp\/v2\/media?parent=997"}],"wp:term":[{"taxonomy":"product_brand","embeddable":true,"href":"https:\/\/perdifly.com\/index.php\/wp-json\/wp\/v2\/product_brand?post=997"},{"taxonomy":"product_cat","embeddable":true,"href":"https:\/\/perdifly.com\/index.php\/wp-json\/wp\/v2\/product_cat?post=997"},{"taxonomy":"product_tag","embeddable":true,"href":"https:\/\/perdifly.com\/index.php\/wp-json\/wp\/v2\/product_tag?post=997"}],"curies":[{"name":"wp","href":"https:\/\/api.w.org\/{rel}","templated":true}]}}