{"id":963,"date":"2024-03-10T16:35:16","date_gmt":"2024-03-10T15:35:16","guid":{"rendered":"https:\/\/perdifly.com\/?post_type=product&#038;p=963"},"modified":"2025-12-31T11:47:01","modified_gmt":"2025-12-31T10:47:01","slug":"ecdyo-spent","status":"publish","type":"product","link":"https:\/\/perdifly.com\/index.php\/produit\/ecdyo-spent\/","title":{"rendered":"Ecdyo Spent"},"content":{"rendered":"<ul>\n<li>Hame\u00e7on:\u00a0 Ahrex FW503<\/li>\n<li>Cerques : bucktail rouge<\/li>\n<li>Corps : Dubbing rouge ecdyo<\/li>\n<li>Cerclage: Fil cuivre noir<\/li>\n<li>Torax: Dubbing rouge fonc\u00e9<\/li>\n<li>Sous ailes : CDC naturel<\/li>\n<li>Ailes: Parapost<\/li>\n<\/ul>\n<p>Mouche disponible de la taille 10 \u00e0 16<\/p>\n","protected":false},"excerpt":{"rendered":"<p>L&rsquo;ecdyo spent est \u00e0 utiliser en fin d&rsquo;\u00e9closion d&rsquo;ecdyo du mois de mai jusqu&rsquo;\u00e0 la fin de la saison.<br \/>\nPour les grosse mouches (H10) nous vous conseillons d&rsquo;utiliser une pointe en 16 centi\u00e8me.<\/p>\n","protected":false},"featured_media":969,"template":"","meta":{"neve_meta_sidebar":"","neve_meta_container":"","neve_meta_enable_content_width":"off","neve_meta_content_width":70,"neve_meta_title_alignment":"","neve_meta_author_avatar":"","neve_post_elements_order":"","neve_meta_disable_header":"","neve_meta_disable_footer":"","neve_meta_disable_title":"","_themeisle_gutenberg_block_has_review":false},"product_brand":[],"product_cat":[47],"product_tag":[],"class_list":{"0":"post-963","1":"product","2":"type-product","3":"status-publish","4":"has-post-thumbnail","6":"product_cat-seche","8":"first","9":"instock","10":"taxable","11":"shipping-taxable","12":"purchasable","13":"product-type-variable"},"_links":{"self":[{"href":"https:\/\/perdifly.com\/index.php\/wp-json\/wp\/v2\/product\/963","targetHints":{"allow":["GET"]}}],"collection":[{"href":"https:\/\/perdifly.com\/index.php\/wp-json\/wp\/v2\/product"}],"about":[{"href":"https:\/\/perdifly.com\/index.php\/wp-json\/wp\/v2\/types\/product"}],"wp:featuredmedia":[{"embeddable":true,"href":"https:\/\/perdifly.com\/index.php\/wp-json\/wp\/v2\/media\/969"}],"wp:attachment":[{"href":"https:\/\/perdifly.com\/index.php\/wp-json\/wp\/v2\/media?parent=963"}],"wp:term":[{"taxonomy":"product_brand","embeddable":true,"href":"https:\/\/perdifly.com\/index.php\/wp-json\/wp\/v2\/product_brand?post=963"},{"taxonomy":"product_cat","embeddable":true,"href":"https:\/\/perdifly.com\/index.php\/wp-json\/wp\/v2\/product_cat?post=963"},{"taxonomy":"product_tag","embeddable":true,"href":"https:\/\/perdifly.com\/index.php\/wp-json\/wp\/v2\/product_tag?post=963"}],"curies":[{"name":"wp","href":"https:\/\/api.w.org\/{rel}","templated":true}]}}