{"id":938,"date":"2024-03-10T16:23:33","date_gmt":"2024-03-10T15:23:33","guid":{"rendered":"https:\/\/perdifly.com\/?post_type=product&#038;p=938"},"modified":"2025-12-30T12:46:13","modified_gmt":"2025-12-30T11:46:13","slug":"ecdyo-parachute","status":"publish","type":"product","link":"https:\/\/perdifly.com\/index.php\/produit\/ecdyo-parachute\/","title":{"rendered":"Ecdyo Parachute"},"content":{"rendered":"<ul>\n<li>Hame\u00e7on (hook):\u00a0 standard Ahrex FW501<\/li>\n<li>Cerques (tail): bucktail rouge<\/li>\n<li>Corp (body) : Fil blanc<\/li>\n<li>cerclage: Fil rouge<\/li>\n<li>Hackle: Coq Dark dun<\/li>\n<li>Toupet: Antron blanc<\/li>\n<\/ul>\n<p>Mouche disponible de la taille 12 \u00e0 16<\/p>\n","protected":false},"excerpt":{"rendered":"<p>L&rsquo;ecdyo parachute est \u00e0 utiliser lors des \u00e9closion d&rsquo;ecdyo du mois de mai jusqu&rsquo;\u00e0 la fin de la saison.<\/p>\n","protected":false},"featured_media":2869,"template":"","meta":{"neve_meta_sidebar":"","neve_meta_container":"","neve_meta_enable_content_width":"off","neve_meta_content_width":70,"neve_meta_title_alignment":"","neve_meta_author_avatar":"","neve_post_elements_order":"","neve_meta_disable_header":"","neve_meta_disable_footer":"","neve_meta_disable_title":"","_themeisle_gutenberg_block_has_review":false},"product_brand":[],"product_cat":[47],"product_tag":[],"class_list":{"0":"post-938","1":"product","2":"type-product","3":"status-publish","4":"has-post-thumbnail","6":"product_cat-seche","8":"first","9":"instock","10":"taxable","11":"shipping-taxable","12":"purchasable","13":"product-type-variable"},"_links":{"self":[{"href":"https:\/\/perdifly.com\/index.php\/wp-json\/wp\/v2\/product\/938","targetHints":{"allow":["GET"]}}],"collection":[{"href":"https:\/\/perdifly.com\/index.php\/wp-json\/wp\/v2\/product"}],"about":[{"href":"https:\/\/perdifly.com\/index.php\/wp-json\/wp\/v2\/types\/product"}],"wp:featuredmedia":[{"embeddable":true,"href":"https:\/\/perdifly.com\/index.php\/wp-json\/wp\/v2\/media\/2869"}],"wp:attachment":[{"href":"https:\/\/perdifly.com\/index.php\/wp-json\/wp\/v2\/media?parent=938"}],"wp:term":[{"taxonomy":"product_brand","embeddable":true,"href":"https:\/\/perdifly.com\/index.php\/wp-json\/wp\/v2\/product_brand?post=938"},{"taxonomy":"product_cat","embeddable":true,"href":"https:\/\/perdifly.com\/index.php\/wp-json\/wp\/v2\/product_cat?post=938"},{"taxonomy":"product_tag","embeddable":true,"href":"https:\/\/perdifly.com\/index.php\/wp-json\/wp\/v2\/product_tag?post=938"}],"curies":[{"name":"wp","href":"https:\/\/api.w.org\/{rel}","templated":true}]}}