{"id":669,"date":"2024-02-20T22:18:46","date_gmt":"2024-02-20T21:18:46","guid":{"rendered":"https:\/\/perdifly.com\/?post_type=product&#038;p=669"},"modified":"2025-12-31T11:52:17","modified_gmt":"2025-12-31T10:52:17","slug":"stonefly-mousse","status":"publish","type":"product","link":"https:\/\/perdifly.com\/index.php\/produit\/stonefly-mousse\/","title":{"rendered":"Stonefly Mousse"},"content":{"rendered":"<ul>\n<li>Hame\u00e7on :\u00a0 Droit H6 \u00e0 H10<\/li>\n<li>Queue : vinil rib<\/li>\n<li>Corps : Mousse<\/li>\n<li>Sous ailes : Mousse<\/li>\n<li>Ailes : chevrieul<\/li>\n<li>T\u00eate : Mousse<\/li>\n<li>Pattes\u00a0 : vinil rib<\/li>\n<\/ul>\n","protected":false},"excerpt":{"rendered":"<p>Ce classique de la p\u00eache outre atlantique au forme g\u00e9n\u00e9reuse \u00e0 toute sa place dans votre boite \u00e0 mouche printani\u00e8re.<br \/>\nDisponible en deux couleurs ( marron et jaune ) et en taille 6 \u00e0 10<\/p>\n","protected":false},"featured_media":658,"template":"","meta":{"neve_meta_sidebar":"","neve_meta_container":"","neve_meta_enable_content_width":"off","neve_meta_content_width":70,"neve_meta_title_alignment":"","neve_meta_author_avatar":"","neve_post_elements_order":"","neve_meta_disable_header":"","neve_meta_disable_footer":"","neve_meta_disable_title":"","_themeisle_gutenberg_block_has_review":false},"product_brand":[],"product_cat":[47],"product_tag":[],"class_list":{"0":"post-669","1":"product","2":"type-product","3":"status-publish","4":"has-post-thumbnail","6":"product_cat-seche","8":"first","9":"instock","10":"taxable","11":"shipping-taxable","12":"purchasable","13":"product-type-variable"},"_links":{"self":[{"href":"https:\/\/perdifly.com\/index.php\/wp-json\/wp\/v2\/product\/669","targetHints":{"allow":["GET"]}}],"collection":[{"href":"https:\/\/perdifly.com\/index.php\/wp-json\/wp\/v2\/product"}],"about":[{"href":"https:\/\/perdifly.com\/index.php\/wp-json\/wp\/v2\/types\/product"}],"wp:featuredmedia":[{"embeddable":true,"href":"https:\/\/perdifly.com\/index.php\/wp-json\/wp\/v2\/media\/658"}],"wp:attachment":[{"href":"https:\/\/perdifly.com\/index.php\/wp-json\/wp\/v2\/media?parent=669"}],"wp:term":[{"taxonomy":"product_brand","embeddable":true,"href":"https:\/\/perdifly.com\/index.php\/wp-json\/wp\/v2\/product_brand?post=669"},{"taxonomy":"product_cat","embeddable":true,"href":"https:\/\/perdifly.com\/index.php\/wp-json\/wp\/v2\/product_cat?post=669"},{"taxonomy":"product_tag","embeddable":true,"href":"https:\/\/perdifly.com\/index.php\/wp-json\/wp\/v2\/product_tag?post=669"}],"curies":[{"name":"wp","href":"https:\/\/api.w.org\/{rel}","templated":true}]}}