{"id":660,"date":"2024-02-20T22:05:52","date_gmt":"2024-02-20T21:05:52","guid":{"rendered":"https:\/\/perdifly.com\/?post_type=product&#038;p=660"},"modified":"2026-01-01T10:02:28","modified_gmt":"2026-01-01T09:02:28","slug":"stonefly-argentin","status":"publish","type":"product","link":"https:\/\/perdifly.com\/index.php\/produit\/stonefly-argentin\/","title":{"rendered":"Stonefly Argentin"},"content":{"rendered":"<ul>\n<li>Hame\u00e7on :\u00a0 Droit H8 \u00e0 H10<\/li>\n<li>Corps : CDC<\/li>\n<li>Collerette : CDC gris<\/li>\n<li>Aile : chevrieul<\/li>\n<\/ul>\n","protected":false},"excerpt":{"rendered":"<p>Au d\u00e9tour d\u2019une discussion avec un p\u00e9cheur espagnol ma pr\u00e9sent\u00e9 cette mouche tout droit venu des Rio argentin.<br \/>\nBluff\u00e9 par la simplicit\u00e9 des mat\u00e9riaux utilis\u00e9s, elle a fini tout droit dans ma boite \u00e0 mouche, qu\u2019elle n\u2019a jamais quitt\u00e9e<br \/>\nDisponible en couleur jaune et taille 8\u00a0 \u00e0 10<\/p>\n","protected":false},"featured_media":659,"template":"","meta":{"neve_meta_sidebar":"","neve_meta_container":"","neve_meta_enable_content_width":"off","neve_meta_content_width":70,"neve_meta_title_alignment":"","neve_meta_author_avatar":"","neve_post_elements_order":"","neve_meta_disable_header":"","neve_meta_disable_footer":"","neve_meta_disable_title":"","_themeisle_gutenberg_block_has_review":false},"product_brand":[],"product_cat":[47],"product_tag":[],"class_list":{"0":"post-660","1":"product","2":"type-product","3":"status-publish","4":"has-post-thumbnail","6":"product_cat-seche","8":"first","9":"instock","10":"taxable","11":"shipping-taxable","12":"purchasable","13":"product-type-variable"},"_links":{"self":[{"href":"https:\/\/perdifly.com\/index.php\/wp-json\/wp\/v2\/product\/660","targetHints":{"allow":["GET"]}}],"collection":[{"href":"https:\/\/perdifly.com\/index.php\/wp-json\/wp\/v2\/product"}],"about":[{"href":"https:\/\/perdifly.com\/index.php\/wp-json\/wp\/v2\/types\/product"}],"wp:featuredmedia":[{"embeddable":true,"href":"https:\/\/perdifly.com\/index.php\/wp-json\/wp\/v2\/media\/659"}],"wp:attachment":[{"href":"https:\/\/perdifly.com\/index.php\/wp-json\/wp\/v2\/media?parent=660"}],"wp:term":[{"taxonomy":"product_brand","embeddable":true,"href":"https:\/\/perdifly.com\/index.php\/wp-json\/wp\/v2\/product_brand?post=660"},{"taxonomy":"product_cat","embeddable":true,"href":"https:\/\/perdifly.com\/index.php\/wp-json\/wp\/v2\/product_cat?post=660"},{"taxonomy":"product_tag","embeddable":true,"href":"https:\/\/perdifly.com\/index.php\/wp-json\/wp\/v2\/product_tag?post=660"}],"curies":[{"name":"wp","href":"https:\/\/api.w.org\/{rel}","templated":true}]}}