{"id":521,"date":"2025-07-02T12:22:53","date_gmt":"2025-07-02T10:22:53","guid":{"rendered":"https:\/\/perdifly.com\/?post_type=product&#038;p=521"},"modified":"2025-07-02T16:39:06","modified_gmt":"2025-07-02T14:39:06","slug":"bi-ailes","status":"publish","type":"product","link":"https:\/\/perdifly.com\/index.php\/produit\/bi-ailes\/","title":{"rendered":"Bi Ailes"},"content":{"rendered":"<ul>\n<li>Hame\u00e7on : Ahrex FW503 du h16 au h20<\/li>\n<li>Cerques : Pardo<\/li>\n<li>Corps : soie de montage<\/li>\n<li>Pattes : dubbing<\/li>\n<li>Aile : CDC sauvage<\/li>\n<li>Tag: polyfloss<\/li>\n<\/ul>\n<p>&nbsp;<\/p>\n","protected":false},"excerpt":{"rendered":"<p>Cette mouche aux caract\u00e9ristiques tr\u00e8s hispanique s\u2019av\u00e8re \u00eatre une imitation tr\u00e8s efficace\u00a0 d&rsquo;une \u00e9ph\u00e9m\u00e8re \u00e0 son stade d&rsquo;imago.<\/p>\n<p>Tr\u00e8s pris\u00e9 des truites comme des p\u00eacheurs cette mouches est devenue une r\u00e9f\u00e9rence pour la p\u00eache en s\u00e8che des truites comme des ombres.<\/p>\n<p>Disponible en 3 tailles du 16 au 20 pour les couleurs ci-dessous:<\/p>\n<ul>\n<li>Olive<\/li>\n<li>Olive clair<\/li>\n<li>Olive fonc\u00e9<\/li>\n<li>Orange<\/li>\n<li>Jaune ( nouveaut\u00e9)<\/li>\n<li>Jaune pale<\/li>\n<li>Marron<\/li>\n<li>Rouge ( nouveaut\u00e9)<\/li>\n<\/ul>\n<p>Pour les mod\u00e8les de plus grandes taille, c&rsquo;est vers\u00a0 la Bi Ailes +\u00a0 qu&rsquo;il\u00a0 faut vous diriger.<\/p>\n<p>&nbsp;<\/p>\n","protected":false},"featured_media":2682,"template":"","meta":{"neve_meta_sidebar":"","neve_meta_container":"","neve_meta_enable_content_width":"off","neve_meta_content_width":70,"neve_meta_title_alignment":"","neve_meta_author_avatar":"","neve_post_elements_order":"","neve_meta_disable_header":"","neve_meta_disable_footer":"","neve_meta_disable_title":"","_themeisle_gutenberg_block_has_review":false},"product_brand":[],"product_cat":[47],"product_tag":[],"class_list":{"0":"post-521","1":"product","2":"type-product","3":"status-publish","4":"has-post-thumbnail","6":"product_cat-seche","8":"first","9":"instock","10":"taxable","11":"shipping-taxable","12":"purchasable","13":"product-type-variable"},"_links":{"self":[{"href":"https:\/\/perdifly.com\/index.php\/wp-json\/wp\/v2\/product\/521","targetHints":{"allow":["GET"]}}],"collection":[{"href":"https:\/\/perdifly.com\/index.php\/wp-json\/wp\/v2\/product"}],"about":[{"href":"https:\/\/perdifly.com\/index.php\/wp-json\/wp\/v2\/types\/product"}],"wp:featuredmedia":[{"embeddable":true,"href":"https:\/\/perdifly.com\/index.php\/wp-json\/wp\/v2\/media\/2682"}],"wp:attachment":[{"href":"https:\/\/perdifly.com\/index.php\/wp-json\/wp\/v2\/media?parent=521"}],"wp:term":[{"taxonomy":"product_brand","embeddable":true,"href":"https:\/\/perdifly.com\/index.php\/wp-json\/wp\/v2\/product_brand?post=521"},{"taxonomy":"product_cat","embeddable":true,"href":"https:\/\/perdifly.com\/index.php\/wp-json\/wp\/v2\/product_cat?post=521"},{"taxonomy":"product_tag","embeddable":true,"href":"https:\/\/perdifly.com\/index.php\/wp-json\/wp\/v2\/product_tag?post=521"}],"curies":[{"name":"wp","href":"https:\/\/api.w.org\/{rel}","templated":true}]}}