{"id":504,"date":"2025-07-01T12:16:13","date_gmt":"2025-07-01T10:16:13","guid":{"rendered":"https:\/\/perdifly.com\/?post_type=product&#038;p=504"},"modified":"2026-01-01T11:21:54","modified_gmt":"2026-01-01T10:21:54","slug":"march-brown-parachute","status":"publish","type":"product","link":"https:\/\/perdifly.com\/index.php\/produit\/march-brown-parachute\/","title":{"rendered":"MB parachute Poly"},"content":{"rendered":"<ul>\n<li>Hame\u00e7on Ahrex FW501<\/li>\n<li>Cerques en li\u00e8vre<\/li>\n<li>Corps en dubbing li\u00e8vre<\/li>\n<li>Collerette en li\u00e8vre (peau)<\/li>\n<li>Support bille en polystyr\u00e8ne rouge ou blanche dans un bas et consolid\u00e9 par une touche de vernis<\/li>\n<\/ul>\n<p>&nbsp;<\/p>\n","protected":false},"excerpt":{"rendered":"<p>Cette imitation d\u2019ensemble d\u2019une march brown et de ses sous esp\u00e8ces vient tout droit des Pyr\u00e9n\u00e9es.<\/p>\n<p>Mont\u00e9 en poil et dubbing de li\u00e8vre \u00ab\u00a0maison\u00a0\u00bb , cette mouche tr\u00e8s attractive est adoss\u00e9e \u00e0 une bille de polystyr\u00e8ne\u00a0 pour vous permettre d&rsquo;avoir une bonne visibilit\u00e9 de la mouche m\u00eame en plein courant.<\/p>\n<p>Elle est disponible en couleur:<\/p>\n<ul>\n<li>Marron en taille 10 &#8211; 12<\/li>\n<li>Beige en 14- 16<\/li>\n<li>Marron fonc\u00e9 en taille 10-12-14 (nouveaut\u00e9)<\/li>\n<\/ul>\n<p>&nbsp;<\/p>\n","protected":false},"featured_media":2964,"template":"","meta":{"neve_meta_sidebar":"","neve_meta_container":"","neve_meta_enable_content_width":"off","neve_meta_content_width":70,"neve_meta_title_alignment":"","neve_meta_author_avatar":"","neve_post_elements_order":"","neve_meta_disable_header":"","neve_meta_disable_footer":"","neve_meta_disable_title":"","_themeisle_gutenberg_block_has_review":false},"product_brand":[],"product_cat":[47],"product_tag":[],"class_list":{"0":"post-504","1":"product","2":"type-product","3":"status-publish","4":"has-post-thumbnail","6":"product_cat-seche","8":"first","9":"instock","10":"taxable","11":"shipping-taxable","12":"purchasable","13":"product-type-variable"},"_links":{"self":[{"href":"https:\/\/perdifly.com\/index.php\/wp-json\/wp\/v2\/product\/504","targetHints":{"allow":["GET"]}}],"collection":[{"href":"https:\/\/perdifly.com\/index.php\/wp-json\/wp\/v2\/product"}],"about":[{"href":"https:\/\/perdifly.com\/index.php\/wp-json\/wp\/v2\/types\/product"}],"wp:featuredmedia":[{"embeddable":true,"href":"https:\/\/perdifly.com\/index.php\/wp-json\/wp\/v2\/media\/2964"}],"wp:attachment":[{"href":"https:\/\/perdifly.com\/index.php\/wp-json\/wp\/v2\/media?parent=504"}],"wp:term":[{"taxonomy":"product_brand","embeddable":true,"href":"https:\/\/perdifly.com\/index.php\/wp-json\/wp\/v2\/product_brand?post=504"},{"taxonomy":"product_cat","embeddable":true,"href":"https:\/\/perdifly.com\/index.php\/wp-json\/wp\/v2\/product_cat?post=504"},{"taxonomy":"product_tag","embeddable":true,"href":"https:\/\/perdifly.com\/index.php\/wp-json\/wp\/v2\/product_tag?post=504"}],"curies":[{"name":"wp","href":"https:\/\/api.w.org\/{rel}","templated":true}]}}