{"id":3108,"date":"2026-03-27T17:31:50","date_gmt":"2026-03-27T16:31:50","guid":{"rendered":"https:\/\/perdifly.com\/?post_type=product&#038;p=3108"},"modified":"2026-03-30T11:43:21","modified_gmt":"2026-03-30T09:43:21","slug":"boite-norvege-escape-fly-fishing","status":"publish","type":"product","link":"https:\/\/perdifly.com\/index.php\/produit\/boite-norvege-escape-fly-fishing\/","title":{"rendered":"Boite Norv\u00e8ge Escape Fly fishing"},"content":{"rendered":"<p>La composition de nos packs :<\/p>\n<ul>\n<li><strong>Pack essentiel,\u00a0 24 mouches s\u00e8ches et \u00e9mergentes<\/strong> :3 Klink taille 14, 3 Klink taille 16, 3 Sedge Goddard taille 14, 3 Sedge Elk Hair taille 16,\u00a0 3 Tabanas en taille 12, 3 bi ailes taille 16, 3 Gant taille 20, 3 li\u00e8vre &amp; cdc taille 18.<\/li>\n<\/ul>\n<p>&nbsp;<\/p>\n<ul>\n<li><strong>Pack toutes situations, 42 mouches s\u00e8ches et \u00e9mergentes<\/strong> :3 Klink taille 14, 3 Klink taille 16,\u00a03 klink taille 18,\u00a03 Sedge Goddard taille 12,\u00a03 Sedge Goddard taille 14, 3 Sedge Elk Hair taille 14, 3 Sedge Elk Hair taille 16,\u00a0 3 Tabanas en taille 12, 3 bi ailes taille 16, 3 bi aile taille 18, 3 Gnat taille 18, 3 Gant taille 20,\u00a03 li\u00e8vre &amp; cdc taille 18,\u00a03 li\u00e8vre &amp; cdc taille 20<\/li>\n<\/ul>\n<p>&nbsp;<\/p>\n<ul>\n<li><strong>Pack nymphe,\u00a0 30 nymphes : <\/strong>3 san juan taille 12,\u00a03 nymphes Purple Death taille 14,\u00a03 nymphes Purple Death taille 16,\u00a03 perdigones noire cul orange taille 14,\u00a03 perdigones noire cul orange taille 16,\u00a03 perdigones violette taille 16,\u00a03 perditail taille 12,\u00a03 perditail taille 14,\u00a03 jjavi taille 14<\/li>\n<\/ul>\n","protected":false},"excerpt":{"rendered":"<p>En partenariat avec\u00a0 Balkans Evasion &amp; Escape Fly Fishing nous vous proposons notre s\u00e9lection de mouche pour\u00a0 la p\u00eache en norv\u00e8ge<br \/>\n3 assortiments sont \u00e0 votre disposition:<\/p>\n<ul>\n<li>Pack\u00a0 essentiel compos\u00e9e d&rsquo;un assortiment de 24 mouches s\u00e8ches et \u00e9mergentes*<\/li>\n<li>Pack toutes situations compos\u00e9e d&rsquo;un assortiment de 42 mouches s\u00e8ches et \u00e9mergentes*<\/li>\n<li>Pack nymphes compos\u00e9e d&rsquo;un assortiment de 27 nymphes*<\/li>\n<\/ul>\n<p>La boite est offerte<\/p>\n<p>*la composition de chaque boite peut \u00e9voluer suivant les recommandations des guides.<\/p>\n","protected":false},"featured_media":1211,"template":"","meta":{"neve_meta_sidebar":"","neve_meta_container":"","neve_meta_enable_content_width":"off","neve_meta_content_width":70,"neve_meta_title_alignment":"","neve_meta_author_avatar":"","neve_post_elements_order":"","neve_meta_disable_header":"","neve_meta_disable_footer":"","neve_meta_disable_title":"","_themeisle_gutenberg_block_has_review":false},"product_brand":[],"product_cat":[142,141],"product_tag":[],"class_list":{"0":"post-3108","1":"product","2":"type-product","3":"status-publish","4":"has-post-thumbnail","6":"product_cat-boite","7":"product_cat-norvege","8":"product_shipping_class-colis","10":"first","11":"instock","12":"taxable","13":"shipping-taxable","14":"purchasable","15":"product-type-variable"},"_links":{"self":[{"href":"https:\/\/perdifly.com\/index.php\/wp-json\/wp\/v2\/product\/3108","targetHints":{"allow":["GET"]}}],"collection":[{"href":"https:\/\/perdifly.com\/index.php\/wp-json\/wp\/v2\/product"}],"about":[{"href":"https:\/\/perdifly.com\/index.php\/wp-json\/wp\/v2\/types\/product"}],"wp:featuredmedia":[{"embeddable":true,"href":"https:\/\/perdifly.com\/index.php\/wp-json\/wp\/v2\/media\/1211"}],"wp:attachment":[{"href":"https:\/\/perdifly.com\/index.php\/wp-json\/wp\/v2\/media?parent=3108"}],"wp:term":[{"taxonomy":"product_brand","embeddable":true,"href":"https:\/\/perdifly.com\/index.php\/wp-json\/wp\/v2\/product_brand?post=3108"},{"taxonomy":"product_cat","embeddable":true,"href":"https:\/\/perdifly.com\/index.php\/wp-json\/wp\/v2\/product_cat?post=3108"},{"taxonomy":"product_tag","embeddable":true,"href":"https:\/\/perdifly.com\/index.php\/wp-json\/wp\/v2\/product_tag?post=3108"}],"curies":[{"name":"wp","href":"https:\/\/api.w.org\/{rel}","templated":true}]}}