{"id":3070,"date":"2026-01-25T22:07:37","date_gmt":"2026-01-25T21:07:37","guid":{"rendered":"https:\/\/perdifly.com\/?post_type=product&#038;p=3070"},"modified":"2026-01-25T22:10:34","modified_gmt":"2026-01-25T21:10:34","slug":"rq-canardeaulive","status":"publish","type":"product","link":"https:\/\/perdifly.com\/index.php\/produit\/rq-canardeaulive\/","title":{"rendered":"RQ Canard&rsquo;Eaulive"},"content":{"rendered":"<p>3 mod\u00e8les disponibles<\/p>\n<ul>\n<li>Taille 12 , bille de 3,5mm\u00a0 couleur or<\/li>\n<li>Taille 14, bille de 3mm\u00a0 couleur or<\/li>\n<li>Taille 16, bille de 2,5mm\u00a0 couleur or<\/li>\n<\/ul>\n<p>&nbsp;<\/p>\n<p>&nbsp;<\/p>\n","protected":false},"excerpt":{"rendered":"<p>La Canard&rsquo;Eaulive est une nymphe simple et efficace, con\u00e7ue par Romain Quil\u00e8s qu&rsquo;il classe dans sa cat\u00e9gorie d&rsquo;imitatives.<br \/>\nL&rsquo;alternance des diff\u00e9rentes tailles et poids peut correspondre aux diverses \u00e9closions d&rsquo;\u00e9ph\u00e9m\u00e8res vertes qui sortent tout au long de l&rsquo;ann\u00e9e.<\/p>\n<p>Cette nymphe est mont\u00e9e sur un hame\u00e7on Jig sans ardillon pour \u00eatre utilis\u00e9 proche du fond tout en limitant les accroches.<\/p>\n<p>Romain : \u00ab\u00a0C&rsquo;est vous dire \u00e0 quel point j&rsquo;y tiens&#8230; si je ne devais prendre que 2 mod\u00e8les dans ma boite, la Canard&rsquo;Eaulive serait pr\u00e9sente accompagn\u00e9e de la Faisantail bien \u00e9videment\u00a0\u00bb.<\/p>\n<p>&nbsp;<\/p>\n","protected":false},"featured_media":3074,"template":"","meta":{"neve_meta_sidebar":"","neve_meta_container":"","neve_meta_enable_content_width":"off","neve_meta_content_width":70,"neve_meta_title_alignment":"","neve_meta_author_avatar":"","neve_post_elements_order":"","neve_meta_disable_header":"","neve_meta_disable_footer":"","neve_meta_disable_title":"","_themeisle_gutenberg_block_has_review":false},"product_brand":[],"product_cat":[69,122],"product_tag":[],"class_list":{"0":"post-3070","1":"product","2":"type-product","3":"status-publish","4":"has-post-thumbnail","6":"product_cat-naf","7":"product_cat-nymphes-rq","9":"first","10":"instock","11":"taxable","12":"shipping-taxable","13":"purchasable","14":"product-type-variable"},"_links":{"self":[{"href":"https:\/\/perdifly.com\/index.php\/wp-json\/wp\/v2\/product\/3070","targetHints":{"allow":["GET"]}}],"collection":[{"href":"https:\/\/perdifly.com\/index.php\/wp-json\/wp\/v2\/product"}],"about":[{"href":"https:\/\/perdifly.com\/index.php\/wp-json\/wp\/v2\/types\/product"}],"wp:featuredmedia":[{"embeddable":true,"href":"https:\/\/perdifly.com\/index.php\/wp-json\/wp\/v2\/media\/3074"}],"wp:attachment":[{"href":"https:\/\/perdifly.com\/index.php\/wp-json\/wp\/v2\/media?parent=3070"}],"wp:term":[{"taxonomy":"product_brand","embeddable":true,"href":"https:\/\/perdifly.com\/index.php\/wp-json\/wp\/v2\/product_brand?post=3070"},{"taxonomy":"product_cat","embeddable":true,"href":"https:\/\/perdifly.com\/index.php\/wp-json\/wp\/v2\/product_cat?post=3070"},{"taxonomy":"product_tag","embeddable":true,"href":"https:\/\/perdifly.com\/index.php\/wp-json\/wp\/v2\/product_tag?post=3070"}],"curies":[{"name":"wp","href":"https:\/\/api.w.org\/{rel}","templated":true}]}}