{"id":3044,"date":"2026-01-02T10:47:04","date_gmt":"2026-01-02T09:47:04","guid":{"rendered":"https:\/\/perdifly.com\/?post_type=product&#038;p=3044"},"modified":"2026-01-18T23:23:01","modified_gmt":"2026-01-18T22:23:01","slug":"rq-madera","status":"publish","type":"product","link":"https:\/\/perdifly.com\/index.php\/produit\/rq-madera\/","title":{"rendered":"RQ Madera"},"content":{"rendered":"<p>4 mod\u00e8les disponibles<\/p>\n<ul>\n<li>Taille 14, bille de 3,5mm\u00a0 couleur cuivre<\/li>\n<li>Taille 14, bille de 3mm\u00a0 couleur cuivre<\/li>\n<li>Taille 16, bille de 3mm\u00a0 couleur cuivre<\/li>\n<li>Taille 16, bille de 2,5mm\u00a0 couleur or<\/li>\n<\/ul>\n<p>&nbsp;<\/p>\n<p>&nbsp;<\/p>\n","protected":false},"excerpt":{"rendered":"<p>La RQ-Madera n&rsquo;est autre que la version de la culte \u00ab\u00a0Madera\u00a0\u00bb mais ici fa\u00e7on Romain Quil\u00e8s.<\/p>\n<p>Cette nymphe de type perdigone, mont\u00e9e sur un hame\u00e7on Jig, est redoutable par bonne luminosit\u00e9, de fin Mai \u00e0 fin Ao\u00fbt suivant les ann\u00e9es et la variation des fontes de neige suivant les rivi\u00e8res.Elle est fortement appr\u00e9ci\u00e9e des truites comme des p\u00eacheurs. Sans aucun doute, la RQ-Madera est un indispensable de votre boite \u00e0 mouche.<\/p>\n<p><span style=\"text-decoration: underline;\">Romain<\/span> : \u00ab\u00a0J&rsquo;ai un faible pour cette nymphe lorsque je vois des \u00e9closions de petits Trichopt\u00e8res marron, qui sortent souvent aux alentours d&rsquo;une temp\u00e9rature d&rsquo;eau proche de 16\u00b0.\u00a0\u00bb<\/p>\n<p>&nbsp;<\/p>\n","protected":false},"featured_media":3067,"template":"","meta":{"neve_meta_sidebar":"","neve_meta_container":"","neve_meta_enable_content_width":"off","neve_meta_content_width":70,"neve_meta_title_alignment":"","neve_meta_author_avatar":"","neve_post_elements_order":"","neve_meta_disable_header":"","neve_meta_disable_footer":"","neve_meta_disable_title":"","_themeisle_gutenberg_block_has_review":false},"product_brand":[],"product_cat":[122,26],"product_tag":[],"class_list":{"0":"post-3044","1":"product","2":"type-product","3":"status-publish","4":"has-post-thumbnail","6":"product_cat-nymphes-rq","7":"product_cat-perdigones","9":"first","10":"instock","11":"taxable","12":"shipping-taxable","13":"purchasable","14":"product-type-variable"},"_links":{"self":[{"href":"https:\/\/perdifly.com\/index.php\/wp-json\/wp\/v2\/product\/3044","targetHints":{"allow":["GET"]}}],"collection":[{"href":"https:\/\/perdifly.com\/index.php\/wp-json\/wp\/v2\/product"}],"about":[{"href":"https:\/\/perdifly.com\/index.php\/wp-json\/wp\/v2\/types\/product"}],"wp:featuredmedia":[{"embeddable":true,"href":"https:\/\/perdifly.com\/index.php\/wp-json\/wp\/v2\/media\/3067"}],"wp:attachment":[{"href":"https:\/\/perdifly.com\/index.php\/wp-json\/wp\/v2\/media?parent=3044"}],"wp:term":[{"taxonomy":"product_brand","embeddable":true,"href":"https:\/\/perdifly.com\/index.php\/wp-json\/wp\/v2\/product_brand?post=3044"},{"taxonomy":"product_cat","embeddable":true,"href":"https:\/\/perdifly.com\/index.php\/wp-json\/wp\/v2\/product_cat?post=3044"},{"taxonomy":"product_tag","embeddable":true,"href":"https:\/\/perdifly.com\/index.php\/wp-json\/wp\/v2\/product_tag?post=3044"}],"curies":[{"name":"wp","href":"https:\/\/api.w.org\/{rel}","templated":true}]}}