{"id":3029,"date":"2026-01-02T11:37:24","date_gmt":"2026-01-02T10:37:24","guid":{"rendered":"https:\/\/perdifly.com\/?post_type=product&#038;p=3029"},"modified":"2026-01-18T23:23:43","modified_gmt":"2026-01-18T22:23:43","slug":"rq-rhodany-nymphe","status":"publish","type":"product","link":"https:\/\/perdifly.com\/index.php\/produit\/rq-rhodany-nymphe\/","title":{"rendered":"RQ Rhodanymphe"},"content":{"rendered":"<p>Disponible en taille 16 avec une bille tungst\u00e8ne argent 2.5mm<\/p>\n<p>&nbsp;<\/p>\n<p>&nbsp;<\/p>\n","protected":false},"excerpt":{"rendered":"<p>La Rhodanymphe est une nymphe imitant le stade nymphal de l&rsquo;insecte Baetis Rhodani, sortie tout droit de la r\u00e9alisation de Romain Quil\u00e8s. Les moucheurs connaissent parfaitement l&rsquo;imitation de la mouche Rhodani. Romain a cr\u00e9\u00e9 la version nymphe, \u00e0 utiliser d\u00e8s le d\u00e9but de la saison.<\/p>\n<p>Cette nymphe est mont\u00e9e sur un hame\u00e7on Jig sans ardillon pour \u00eatre utilis\u00e9 proche du fond tout en limitant les accroches.<\/p>\n<p>Romain : \u00ab\u00a0C&rsquo;est ma nymphe \u00e0 grosses truites de d\u00e9but de saison, \u00e0 faire d\u00e9river lentement proche du fond. Je stress rien qu&rsquo;\u00e0 l&rsquo;id\u00e9e de ne plus en avoir dans ma boite&#8230; car elle est irrempla\u00e7able\u00a0\u00bb.<\/p>\n<p>&nbsp;<\/p>\n","protected":false},"featured_media":3033,"template":"","meta":{"neve_meta_sidebar":"","neve_meta_container":"","neve_meta_enable_content_width":"off","neve_meta_content_width":70,"neve_meta_title_alignment":"","neve_meta_author_avatar":"","neve_post_elements_order":"","neve_meta_disable_header":"","neve_meta_disable_footer":"","neve_meta_disable_title":"","_themeisle_gutenberg_block_has_review":false},"product_brand":[],"product_cat":[69,122],"product_tag":[],"class_list":{"0":"post-3029","1":"product","2":"type-product","3":"status-publish","4":"has-post-thumbnail","6":"product_cat-naf","7":"product_cat-nymphes-rq","9":"first","10":"instock","11":"taxable","12":"shipping-taxable","13":"purchasable","14":"product-type-variable"},"_links":{"self":[{"href":"https:\/\/perdifly.com\/index.php\/wp-json\/wp\/v2\/product\/3029","targetHints":{"allow":["GET"]}}],"collection":[{"href":"https:\/\/perdifly.com\/index.php\/wp-json\/wp\/v2\/product"}],"about":[{"href":"https:\/\/perdifly.com\/index.php\/wp-json\/wp\/v2\/types\/product"}],"wp:featuredmedia":[{"embeddable":true,"href":"https:\/\/perdifly.com\/index.php\/wp-json\/wp\/v2\/media\/3033"}],"wp:attachment":[{"href":"https:\/\/perdifly.com\/index.php\/wp-json\/wp\/v2\/media?parent=3029"}],"wp:term":[{"taxonomy":"product_brand","embeddable":true,"href":"https:\/\/perdifly.com\/index.php\/wp-json\/wp\/v2\/product_brand?post=3029"},{"taxonomy":"product_cat","embeddable":true,"href":"https:\/\/perdifly.com\/index.php\/wp-json\/wp\/v2\/product_cat?post=3029"},{"taxonomy":"product_tag","embeddable":true,"href":"https:\/\/perdifly.com\/index.php\/wp-json\/wp\/v2\/product_tag?post=3029"}],"curies":[{"name":"wp","href":"https:\/\/api.w.org\/{rel}","templated":true}]}}