{"id":3023,"date":"2026-01-02T15:30:01","date_gmt":"2026-01-02T14:30:01","guid":{"rendered":"https:\/\/perdifly.com\/?post_type=product&#038;p=3023"},"modified":"2026-01-03T11:14:15","modified_gmt":"2026-01-03T10:14:15","slug":"rq-canard-eaubsession","status":"publish","type":"product","link":"https:\/\/perdifly.com\/index.php\/produit\/rq-canard-eaubsession\/","title":{"rendered":"RQ Canard&rsquo;Eaubsession"},"content":{"rendered":"<p>3 mod\u00e8les disponibles<\/p>\n<ul>\n<li>Taille 12 , bille de 3,5mm\u00a0 couleur or<\/li>\n<li>Taille 14, bille de 3mm\u00a0 couleur or<\/li>\n<li>Taille 16, bille de 2,5mm\u00a0 couleur or<\/li>\n<\/ul>\n<p>&nbsp;<\/p>\n<p>&nbsp;<\/p>\n","protected":false},"excerpt":{"rendered":"<p>La Canard&rsquo;Eaubsession est une nymphe incitative \u00e9labor\u00e9e par Romain Quil\u00e8s. Elle rend les truites dingues, d\u00e8s le mois de mars, et \u00e7a en devient&#8230; une obsession.<\/p>\n<p>Cette nymphe est mont\u00e9e sur un hame\u00e7on Jig sans ardillon pour \u00eatre utilis\u00e9e proche dufond tout en limitant les accroches.<\/p>\n<p>Romain : \u00ab\u00a0Je la mets en pointe, pour travailler la zone d&rsquo;agressivit\u00e9 des truites, d\u00e8s le d\u00e9but de l&rsquo;\u00e9closion des premi\u00e8res March Brown\u00a0\u00bb.<\/p>\n<p>&nbsp;<\/p>\n","protected":false},"featured_media":3026,"template":"","meta":{"neve_meta_sidebar":"","neve_meta_container":"","neve_meta_enable_content_width":"off","neve_meta_content_width":70,"neve_meta_title_alignment":"","neve_meta_author_avatar":"","neve_post_elements_order":"","neve_meta_disable_header":"","neve_meta_disable_footer":"","neve_meta_disable_title":"","_themeisle_gutenberg_block_has_review":false},"product_brand":[],"product_cat":[69,122],"product_tag":[],"class_list":{"0":"post-3023","1":"product","2":"type-product","3":"status-publish","4":"has-post-thumbnail","6":"product_cat-naf","7":"product_cat-nymphes-rq","9":"first","10":"instock","11":"taxable","12":"shipping-taxable","13":"purchasable","14":"product-type-variable"},"_links":{"self":[{"href":"https:\/\/perdifly.com\/index.php\/wp-json\/wp\/v2\/product\/3023","targetHints":{"allow":["GET"]}}],"collection":[{"href":"https:\/\/perdifly.com\/index.php\/wp-json\/wp\/v2\/product"}],"about":[{"href":"https:\/\/perdifly.com\/index.php\/wp-json\/wp\/v2\/types\/product"}],"wp:featuredmedia":[{"embeddable":true,"href":"https:\/\/perdifly.com\/index.php\/wp-json\/wp\/v2\/media\/3026"}],"wp:attachment":[{"href":"https:\/\/perdifly.com\/index.php\/wp-json\/wp\/v2\/media?parent=3023"}],"wp:term":[{"taxonomy":"product_brand","embeddable":true,"href":"https:\/\/perdifly.com\/index.php\/wp-json\/wp\/v2\/product_brand?post=3023"},{"taxonomy":"product_cat","embeddable":true,"href":"https:\/\/perdifly.com\/index.php\/wp-json\/wp\/v2\/product_cat?post=3023"},{"taxonomy":"product_tag","embeddable":true,"href":"https:\/\/perdifly.com\/index.php\/wp-json\/wp\/v2\/product_tag?post=3023"}],"curies":[{"name":"wp","href":"https:\/\/api.w.org\/{rel}","templated":true}]}}