{"id":2732,"date":"2025-08-03T21:52:52","date_gmt":"2025-08-03T19:52:52","guid":{"rendered":"https:\/\/perdifly.com\/?post_type=product&#038;p=2732"},"modified":"2026-01-01T11:14:20","modified_gmt":"2026-01-01T10:14:20","slug":"emergente-de-mai","status":"publish","type":"product","link":"https:\/\/perdifly.com\/index.php\/produit\/emergente-de-mai\/","title":{"rendered":"Emergente de Mai"},"content":{"rendered":"<ul>\n<li>Hame\u00e7on Ahrex FW501<\/li>\n<li>Corps\u00a0 en dubbing jaune<\/li>\n<li>Collerette\u00a0 en li\u00e8vre<\/li>\n<li>Queue en fibres de faisan naturel<\/li>\n<li>Toupet en fibre de plumes canard mallard\u00a0 teint\u00e9 jaune<\/li>\n<\/ul>\n","protected":false},"excerpt":{"rendered":"<p>Cette imitation d&rsquo;\u00e9mergente de mouche de mai avec sa collerette en\u00a0 li\u00e8vre, se r\u00e9v\u00e8le tr\u00e8s efficace en d\u00e9but d&rsquo;\u00e9closion<br \/>\nUn indispensable de la boite pour vos p\u00eaches de printemps.<\/p>\n<p>Disponible en couleur jaune\u00a0 taille h10 \u00e0 h14<\/p>\n","protected":false},"featured_media":2963,"template":"","meta":{"neve_meta_sidebar":"","neve_meta_container":"","neve_meta_enable_content_width":"off","neve_meta_content_width":70,"neve_meta_title_alignment":"","neve_meta_author_avatar":"","neve_post_elements_order":"","neve_meta_disable_header":"","neve_meta_disable_footer":"","neve_meta_disable_title":"","_themeisle_gutenberg_block_has_review":false},"product_brand":[],"product_cat":[47],"product_tag":[],"class_list":{"0":"post-2732","1":"product","2":"type-product","3":"status-publish","4":"has-post-thumbnail","6":"product_cat-seche","8":"first","9":"instock","10":"taxable","11":"shipping-taxable","12":"purchasable","13":"product-type-variable"},"_links":{"self":[{"href":"https:\/\/perdifly.com\/index.php\/wp-json\/wp\/v2\/product\/2732","targetHints":{"allow":["GET"]}}],"collection":[{"href":"https:\/\/perdifly.com\/index.php\/wp-json\/wp\/v2\/product"}],"about":[{"href":"https:\/\/perdifly.com\/index.php\/wp-json\/wp\/v2\/types\/product"}],"wp:featuredmedia":[{"embeddable":true,"href":"https:\/\/perdifly.com\/index.php\/wp-json\/wp\/v2\/media\/2963"}],"wp:attachment":[{"href":"https:\/\/perdifly.com\/index.php\/wp-json\/wp\/v2\/media?parent=2732"}],"wp:term":[{"taxonomy":"product_brand","embeddable":true,"href":"https:\/\/perdifly.com\/index.php\/wp-json\/wp\/v2\/product_brand?post=2732"},{"taxonomy":"product_cat","embeddable":true,"href":"https:\/\/perdifly.com\/index.php\/wp-json\/wp\/v2\/product_cat?post=2732"},{"taxonomy":"product_tag","embeddable":true,"href":"https:\/\/perdifly.com\/index.php\/wp-json\/wp\/v2\/product_tag?post=2732"}],"curies":[{"name":"wp","href":"https:\/\/api.w.org\/{rel}","templated":true}]}}