{"id":2603,"date":"2025-07-01T14:58:59","date_gmt":"2025-07-01T12:58:59","guid":{"rendered":"https:\/\/perdifly.com\/?post_type=product&#038;p=2603"},"modified":"2025-10-29T10:56:18","modified_gmt":"2025-10-29T09:56:18","slug":"gammare-slovene-marron","status":"publish","type":"product","link":"https:\/\/perdifly.com\/index.php\/produit\/gammare-slovene-marron\/","title":{"rendered":"Gammare Slov\u00e8ne marron"},"content":{"rendered":"<ul>\n<li>Hame\u00e7on :\u00a0 Droit Tiemco BH113 fort de fer<\/li>\n<li>Carapace\u00a0 \u00a0en tungst\u00e8ne<\/li>\n<li>Pattes: Cou de coq roux ou autruche<\/li>\n<li>Cerclage : Fil cuivre fin<\/li>\n<li>Fil Veevus 16\/0<\/li>\n<li><\/li>\n<\/ul>\n","protected":false},"excerpt":{"rendered":"<p>Le gammare Slov\u00e8ne est \u00e9quip\u00e9 d&rsquo;une carapace en tungst\u00e8ne ce qui lui permet de pouvoir descendre dans la pellicule.<\/p>\n<p>il est de couleur marron\u00a0 et il est disponible en deux tailles : 14 ou 16.<\/p>\n","protected":false},"featured_media":2815,"template":"","meta":{"neve_meta_sidebar":"","neve_meta_container":"","neve_meta_enable_content_width":"off","neve_meta_content_width":70,"neve_meta_title_alignment":"","neve_meta_author_avatar":"","neve_post_elements_order":"","neve_meta_disable_header":"","neve_meta_disable_footer":"","neve_meta_disable_title":"","_themeisle_gutenberg_block_has_review":false},"product_brand":[],"product_cat":[135],"product_tag":[],"class_list":{"0":"post-2603","1":"product","2":"type-product","3":"status-publish","4":"has-post-thumbnail","6":"product_cat-gammares","8":"first","9":"instock","10":"taxable","11":"shipping-taxable","12":"purchasable","13":"product-type-variable"},"_links":{"self":[{"href":"https:\/\/perdifly.com\/index.php\/wp-json\/wp\/v2\/product\/2603","targetHints":{"allow":["GET"]}}],"collection":[{"href":"https:\/\/perdifly.com\/index.php\/wp-json\/wp\/v2\/product"}],"about":[{"href":"https:\/\/perdifly.com\/index.php\/wp-json\/wp\/v2\/types\/product"}],"wp:featuredmedia":[{"embeddable":true,"href":"https:\/\/perdifly.com\/index.php\/wp-json\/wp\/v2\/media\/2815"}],"wp:attachment":[{"href":"https:\/\/perdifly.com\/index.php\/wp-json\/wp\/v2\/media?parent=2603"}],"wp:term":[{"taxonomy":"product_brand","embeddable":true,"href":"https:\/\/perdifly.com\/index.php\/wp-json\/wp\/v2\/product_brand?post=2603"},{"taxonomy":"product_cat","embeddable":true,"href":"https:\/\/perdifly.com\/index.php\/wp-json\/wp\/v2\/product_cat?post=2603"},{"taxonomy":"product_tag","embeddable":true,"href":"https:\/\/perdifly.com\/index.php\/wp-json\/wp\/v2\/product_tag?post=2603"}],"curies":[{"name":"wp","href":"https:\/\/api.w.org\/{rel}","templated":true}]}}