{"id":2556,"date":"2026-01-02T10:48:45","date_gmt":"2026-01-02T09:48:45","guid":{"rendered":"https:\/\/perdifly.com\/?post_type=product&#038;p=2556"},"modified":"2026-01-18T23:21:49","modified_gmt":"2026-01-18T22:21:49","slug":"rq-sulnymphe","status":"publish","type":"product","link":"https:\/\/perdifly.com\/index.php\/produit\/rq-sulnymphe\/","title":{"rendered":"RQ Sulnymphe"},"content":{"rendered":"<p>Mont\u00e9e sur hame\u00e7on sans ardillon de haute-qualit\u00e9 non cassant n\u00b016 Courb\u00e9, permettant de sortir de grosses truites m\u00eame avec de petits hame\u00e7ons. Bille couleur cuivre\u00a0 ou or en Tungst\u00e8ne 2,5mm<\/p>\n","protected":false},"excerpt":{"rendered":"<p>La Sulnymphe est une nymphe imitant le stade nymphal de l&rsquo;insecte Heptagenia Sulphurea, venant de longues observations de Romain Quil\u00e8s. L&rsquo;insecte volant connu sous le nom de \u00ab\u00a0Sulfure\u00a0\u00bb est enti\u00e8rement jaune p\u00e9tard, mais ne vous y trompez pas, Romain a les connaissances qui lui ont permis d&rsquo;\u00e9laborer une nymphe principalement noire, correspondant \u00e0 la larve de cette beaut\u00e9 couleur citron.<\/p>\n<p>Cette nymphe nageuse est mont\u00e9e sur un hame\u00e7on courb\u00e9 sans ardillon pour \u00eatre utilis\u00e9e d\u00e9coll\u00e9e du fond, \u00e0 partir du mois de juin.<\/p>\n<p>Romain : \u00ab\u00a02 versions pour cette nymphe propos\u00e9e avec bille Or ou bille Cuivre, parce que suivant la luminosit\u00e9 je l&rsquo;utilise respectivement \u00e0 l&rsquo;ombre ou au soleil\u00a0\u00bb.<\/p>\n<p>&nbsp;<\/p>\n","protected":false},"featured_media":3068,"template":"","meta":{"neve_meta_sidebar":"","neve_meta_container":"","neve_meta_enable_content_width":"off","neve_meta_content_width":70,"neve_meta_title_alignment":"","neve_meta_author_avatar":"","neve_post_elements_order":"","neve_meta_disable_header":"","neve_meta_disable_footer":"","neve_meta_disable_title":"","_themeisle_gutenberg_block_has_review":false},"product_brand":[],"product_cat":[43,122],"product_tag":[],"class_list":{"0":"post-2556","1":"product","2":"type-product","3":"status-publish","4":"has-post-thumbnail","6":"product_cat-nymphes","7":"product_cat-nymphes-rq","9":"first","10":"instock","11":"taxable","12":"shipping-taxable","13":"purchasable","14":"product-type-variable"},"_links":{"self":[{"href":"https:\/\/perdifly.com\/index.php\/wp-json\/wp\/v2\/product\/2556","targetHints":{"allow":["GET"]}}],"collection":[{"href":"https:\/\/perdifly.com\/index.php\/wp-json\/wp\/v2\/product"}],"about":[{"href":"https:\/\/perdifly.com\/index.php\/wp-json\/wp\/v2\/types\/product"}],"wp:featuredmedia":[{"embeddable":true,"href":"https:\/\/perdifly.com\/index.php\/wp-json\/wp\/v2\/media\/3068"}],"wp:attachment":[{"href":"https:\/\/perdifly.com\/index.php\/wp-json\/wp\/v2\/media?parent=2556"}],"wp:term":[{"taxonomy":"product_brand","embeddable":true,"href":"https:\/\/perdifly.com\/index.php\/wp-json\/wp\/v2\/product_brand?post=2556"},{"taxonomy":"product_cat","embeddable":true,"href":"https:\/\/perdifly.com\/index.php\/wp-json\/wp\/v2\/product_cat?post=2556"},{"taxonomy":"product_tag","embeddable":true,"href":"https:\/\/perdifly.com\/index.php\/wp-json\/wp\/v2\/product_tag?post=2556"}],"curies":[{"name":"wp","href":"https:\/\/api.w.org\/{rel}","templated":true}]}}