{"id":2551,"date":"2025-05-02T10:23:25","date_gmt":"2025-05-02T08:23:25","guid":{"rendered":"https:\/\/perdifly.com\/?post_type=product&#038;p=2551"},"modified":"2026-01-03T11:19:25","modified_gmt":"2026-01-03T10:19:25","slug":"rq-jarron","status":"publish","type":"product","link":"https:\/\/perdifly.com\/index.php\/produit\/rq-jarron\/","title":{"rendered":"RQ Jarron"},"content":{"rendered":"<p>Javi de 3mm, ou Bille de 3,5mm de couleur cuivre en Tungst\u00e8ne v\u00e9rifi\u00e9, mont\u00e9 sur hame\u00e7on sans ardillon de haute-qualit\u00e9.<\/p>\n<p>Utilisation uniquement de mat\u00e9riaux naturels.<\/p>\n","protected":false},"excerpt":{"rendered":"<p>Le Jarron est une nymphe de type Javi imitatif, dont l&rsquo;id\u00e9e a \u00e9t\u00e9 reprise par Romain Quil\u00e8s. Tr\u00e8s surprenant, cette nymphe ne se veut pas l&rsquo;imitation d&rsquo;une larve d&rsquo;insecte mais plut\u00f4t d&rsquo;un b\u00e9b\u00e9 crustac\u00e9 que l&rsquo;on trouve en rivi\u00e8re de 1\u00e8re cat\u00e9gorie aux alentours des mois de mai-juin !<\/p>\n<p>Cette nymphe est mont\u00e9e sur un hame\u00e7on Jig sans ardillon pour \u00eatre utilis\u00e9e proche du fond tout en limitant les accroches.<\/p>\n<p>Romain : \u00ab\u00a0C&rsquo;est dingue, comment vous expliquer comment j&rsquo;ai r\u00e9ussi a corr\u00e9ler l&rsquo;utilisation de cette nymphe au moment de l&rsquo;\u00e9closion des b\u00e9b\u00e9s \u00e9crevisses am\u00e9ricaines&#8230; Juste des milliers d&rsquo;heures pass\u00e9es au bord de l&rsquo;eau \u00e0 chercher \u00e0 comprendre\u00a0\u00bb.<\/p>\n","protected":false},"featured_media":3021,"template":"","meta":{"neve_meta_sidebar":"","neve_meta_container":"","neve_meta_enable_content_width":"off","neve_meta_content_width":70,"neve_meta_title_alignment":"","neve_meta_author_avatar":"","neve_post_elements_order":"","neve_meta_disable_header":"","neve_meta_disable_footer":"","neve_meta_disable_title":"","_themeisle_gutenberg_block_has_review":false},"product_brand":[],"product_cat":[44,122],"product_tag":[],"class_list":{"0":"post-2551","1":"product","2":"type-product","3":"status-publish","4":"has-post-thumbnail","6":"product_cat-javi","7":"product_cat-nymphes-rq","9":"first","10":"instock","11":"taxable","12":"shipping-taxable","13":"purchasable","14":"product-type-variable"},"_links":{"self":[{"href":"https:\/\/perdifly.com\/index.php\/wp-json\/wp\/v2\/product\/2551","targetHints":{"allow":["GET"]}}],"collection":[{"href":"https:\/\/perdifly.com\/index.php\/wp-json\/wp\/v2\/product"}],"about":[{"href":"https:\/\/perdifly.com\/index.php\/wp-json\/wp\/v2\/types\/product"}],"wp:featuredmedia":[{"embeddable":true,"href":"https:\/\/perdifly.com\/index.php\/wp-json\/wp\/v2\/media\/3021"}],"wp:attachment":[{"href":"https:\/\/perdifly.com\/index.php\/wp-json\/wp\/v2\/media?parent=2551"}],"wp:term":[{"taxonomy":"product_brand","embeddable":true,"href":"https:\/\/perdifly.com\/index.php\/wp-json\/wp\/v2\/product_brand?post=2551"},{"taxonomy":"product_cat","embeddable":true,"href":"https:\/\/perdifly.com\/index.php\/wp-json\/wp\/v2\/product_cat?post=2551"},{"taxonomy":"product_tag","embeddable":true,"href":"https:\/\/perdifly.com\/index.php\/wp-json\/wp\/v2\/product_tag?post=2551"}],"curies":[{"name":"wp","href":"https:\/\/api.w.org\/{rel}","templated":true}]}}