{"id":2468,"date":"2025-03-21T17:27:06","date_gmt":"2025-03-21T16:27:06","guid":{"rendered":"https:\/\/perdifly.com\/?post_type=product&#038;p=2468"},"modified":"2026-01-01T10:18:16","modified_gmt":"2026-01-01T09:18:16","slug":"passpartout","status":"publish","type":"product","link":"https:\/\/perdifly.com\/index.php\/produit\/passpartout\/","title":{"rendered":"PassPartout"},"content":{"rendered":"<ul>\n<li>Hame\u00e7on Ahrex FW525<\/li>\n<li>Dubbing de li\u00e8vre naturel<\/li>\n<li>Plume de CDC naturel<\/li>\n<li>Fil de cuivre<\/li>\n<li>Soie de montage noir<\/li>\n<\/ul>\n","protected":false},"excerpt":{"rendered":"<p>Cette mouche d\u2019ensemble imite l\u2019\u00e9mergence d\u2019un insecte. Son profil tr\u00e8s passe-partout lui permet d\u2019\u00eatre redoutable lors des \u00e9closions du d\u00e9but de saison.<\/p>\n<p>Disponible en taille d&rsquo;hame\u00e7ons du 10 au 14<\/p>\n","protected":false},"featured_media":2467,"template":"","meta":{"neve_meta_sidebar":"","neve_meta_container":"","neve_meta_enable_content_width":"off","neve_meta_content_width":70,"neve_meta_title_alignment":"","neve_meta_author_avatar":"","neve_post_elements_order":"","neve_meta_disable_header":"","neve_meta_disable_footer":"","neve_meta_disable_title":"","_themeisle_gutenberg_block_has_review":false},"product_brand":[],"product_cat":[47],"product_tag":[],"class_list":{"0":"post-2468","1":"product","2":"type-product","3":"status-publish","4":"has-post-thumbnail","6":"product_cat-seche","8":"first","9":"instock","10":"taxable","11":"shipping-taxable","12":"purchasable","13":"product-type-variable"},"_links":{"self":[{"href":"https:\/\/perdifly.com\/index.php\/wp-json\/wp\/v2\/product\/2468","targetHints":{"allow":["GET"]}}],"collection":[{"href":"https:\/\/perdifly.com\/index.php\/wp-json\/wp\/v2\/product"}],"about":[{"href":"https:\/\/perdifly.com\/index.php\/wp-json\/wp\/v2\/types\/product"}],"wp:featuredmedia":[{"embeddable":true,"href":"https:\/\/perdifly.com\/index.php\/wp-json\/wp\/v2\/media\/2467"}],"wp:attachment":[{"href":"https:\/\/perdifly.com\/index.php\/wp-json\/wp\/v2\/media?parent=2468"}],"wp:term":[{"taxonomy":"product_brand","embeddable":true,"href":"https:\/\/perdifly.com\/index.php\/wp-json\/wp\/v2\/product_brand?post=2468"},{"taxonomy":"product_cat","embeddable":true,"href":"https:\/\/perdifly.com\/index.php\/wp-json\/wp\/v2\/product_cat?post=2468"},{"taxonomy":"product_tag","embeddable":true,"href":"https:\/\/perdifly.com\/index.php\/wp-json\/wp\/v2\/product_tag?post=2468"}],"curies":[{"name":"wp","href":"https:\/\/api.w.org\/{rel}","templated":true}]}}