{"id":2446,"date":"2025-04-01T11:53:17","date_gmt":"2025-04-01T09:53:17","guid":{"rendered":"https:\/\/perdifly.com\/?post_type=product&#038;p=2446"},"modified":"2025-04-06T15:47:37","modified_gmt":"2025-04-06T13:47:37","slug":"javi-lievre-cul-orange","status":"publish","type":"product","link":"https:\/\/perdifly.com\/index.php\/produit\/javi-lievre-cul-orange\/","title":{"rendered":"Javi li\u00e8vre cul orange"},"content":{"rendered":"<ul>\n<li>Hame\u00e7on (hook):\u00a0 JIG<\/li>\n<li>Javi : Or tungst\u00e8ne fendue<\/li>\n<li>Sous corp : Fil noir<\/li>\n<li>Corps : Dubbing li\u00e8vre marron<\/li>\n<li>Cerclage\u00a0 : Tinsel holographique argent<\/li>\n<li>Tag: Fil orange feu6<\/li>\n<\/ul>\n","protected":false},"excerpt":{"rendered":"<p>Ce javi aux formes g\u00e9n\u00e9reuses tout en li\u00e8vre arbore un tag et un hot spot orange pour accroitre son attractivit\u00e9.<\/p>\n","protected":false},"featured_media":2501,"template":"","meta":{"neve_meta_sidebar":"","neve_meta_container":"","neve_meta_enable_content_width":"off","neve_meta_content_width":70,"neve_meta_title_alignment":"","neve_meta_author_avatar":"","neve_post_elements_order":"","neve_meta_disable_header":"","neve_meta_disable_footer":"","neve_meta_disable_title":"","_themeisle_gutenberg_block_has_review":false},"product_brand":[],"product_cat":[44],"product_tag":[],"class_list":{"0":"post-2446","1":"product","2":"type-product","3":"status-publish","4":"has-post-thumbnail","6":"product_cat-javi","8":"first","9":"instock","10":"taxable","11":"shipping-taxable","12":"purchasable","13":"product-type-variable"},"_links":{"self":[{"href":"https:\/\/perdifly.com\/index.php\/wp-json\/wp\/v2\/product\/2446","targetHints":{"allow":["GET"]}}],"collection":[{"href":"https:\/\/perdifly.com\/index.php\/wp-json\/wp\/v2\/product"}],"about":[{"href":"https:\/\/perdifly.com\/index.php\/wp-json\/wp\/v2\/types\/product"}],"wp:featuredmedia":[{"embeddable":true,"href":"https:\/\/perdifly.com\/index.php\/wp-json\/wp\/v2\/media\/2501"}],"wp:attachment":[{"href":"https:\/\/perdifly.com\/index.php\/wp-json\/wp\/v2\/media?parent=2446"}],"wp:term":[{"taxonomy":"product_brand","embeddable":true,"href":"https:\/\/perdifly.com\/index.php\/wp-json\/wp\/v2\/product_brand?post=2446"},{"taxonomy":"product_cat","embeddable":true,"href":"https:\/\/perdifly.com\/index.php\/wp-json\/wp\/v2\/product_cat?post=2446"},{"taxonomy":"product_tag","embeddable":true,"href":"https:\/\/perdifly.com\/index.php\/wp-json\/wp\/v2\/product_tag?post=2446"}],"curies":[{"name":"wp","href":"https:\/\/api.w.org\/{rel}","templated":true}]}}