{"id":2157,"date":"2025-01-19T19:13:07","date_gmt":"2025-01-19T18:13:07","guid":{"rendered":"https:\/\/perdifly.com\/?post_type=product&#038;p=2157"},"modified":"2025-08-04T21:29:08","modified_gmt":"2025-08-04T19:29:08","slug":"boite-nymphes-bosnie-itinerant-printemps","status":"publish","type":"product","link":"https:\/\/perdifly.com\/index.php\/produit\/boite-nymphes-bosnie-itinerant-printemps\/","title":{"rendered":"Boite Nymphes Bosnie itin\u00e9rant Printemps"},"content":{"rendered":"<p>S\u00e9lection de 24 nymphes compos\u00e9es de:<\/p>\n<ul>\n<li>3 Boro nymphe taille 16<\/li>\n<li>3 Boro nymphe taille 18<\/li>\n<li>3 boro nymphe taille 20<\/li>\n<li>3 pheasant tail taille 16<\/li>\n<li>3 Nymphe raboliot taille 14<\/li>\n<li>3 gammares Raboliot taille 14<\/li>\n<li>3 nymphes tricopt\u00e8re taille 14<\/li>\n<li>3 gammares slov\u00e8ne taille 14<\/li>\n<\/ul>\n","protected":false},"excerpt":{"rendered":"<p>Boite sp\u00e9cialement con\u00e7ue en partenariat Escape Fly Fishing pour la p\u00eache itin\u00e9rante en Bosnie au printemps<br \/>\nAssortiment de 24 nymphes pour parer \u00e0 toutes les situations<\/p>\n<p>La boite est offerte<\/p>\n","protected":false},"featured_media":1184,"template":"","meta":{"neve_meta_sidebar":"","neve_meta_container":"","neve_meta_enable_content_width":"off","neve_meta_content_width":70,"neve_meta_title_alignment":"","neve_meta_author_avatar":"","neve_post_elements_order":"","neve_meta_disable_header":"","neve_meta_disable_footer":"","neve_meta_disable_title":"","_themeisle_gutenberg_block_has_review":false},"product_brand":[],"product_cat":[128],"product_tag":[],"class_list":{"0":"post-2157","1":"product","2":"type-product","3":"status-publish","4":"has-post-thumbnail","6":"product_cat-bosnie","7":"product_shipping_class-colis","9":"first","10":"instock","11":"taxable","12":"shipping-taxable","13":"purchasable","14":"product-type-simple"},"_links":{"self":[{"href":"https:\/\/perdifly.com\/index.php\/wp-json\/wp\/v2\/product\/2157","targetHints":{"allow":["GET"]}}],"collection":[{"href":"https:\/\/perdifly.com\/index.php\/wp-json\/wp\/v2\/product"}],"about":[{"href":"https:\/\/perdifly.com\/index.php\/wp-json\/wp\/v2\/types\/product"}],"wp:featuredmedia":[{"embeddable":true,"href":"https:\/\/perdifly.com\/index.php\/wp-json\/wp\/v2\/media\/1184"}],"wp:attachment":[{"href":"https:\/\/perdifly.com\/index.php\/wp-json\/wp\/v2\/media?parent=2157"}],"wp:term":[{"taxonomy":"product_brand","embeddable":true,"href":"https:\/\/perdifly.com\/index.php\/wp-json\/wp\/v2\/product_brand?post=2157"},{"taxonomy":"product_cat","embeddable":true,"href":"https:\/\/perdifly.com\/index.php\/wp-json\/wp\/v2\/product_cat?post=2157"},{"taxonomy":"product_tag","embeddable":true,"href":"https:\/\/perdifly.com\/index.php\/wp-json\/wp\/v2\/product_tag?post=2157"}],"curies":[{"name":"wp","href":"https:\/\/api.w.org\/{rel}","templated":true}]}}