{"id":2118,"date":"2025-01-11T09:04:03","date_gmt":"2025-01-11T08:04:03","guid":{"rendered":"https:\/\/perdifly.com\/?post_type=product&#038;p=2118"},"modified":"2026-01-02T12:51:02","modified_gmt":"2026-01-02T11:51:02","slug":"marchbrown-raboliot","status":"publish","type":"product","link":"https:\/\/perdifly.com\/index.php\/produit\/marchbrown-raboliot\/","title":{"rendered":"MarchBrown Raboliot"},"content":{"rendered":"<ul>\n<li>Hame\u00e7on :\u00a0 Ahrex FW501<\/li>\n<li>Cerques : Sabre de faisan<\/li>\n<li>Corp : Sabre de faisan<\/li>\n<li>Ailes: Poil de chevreuil fonc\u00e9<\/li>\n<li>Dubbing: ice dub<\/li>\n<li>Cerclage: fil de cuivre<\/li>\n<\/ul>\n","protected":false},"excerpt":{"rendered":"<p>La MarchBrown Raboliot est\u00a0 inspir\u00e9 de la march brown mise au point par mon ami Vincent.<\/p>\n<p>Cette version est mont\u00e9 sur une base faisan, du poil\u00a0 de chevreuil\u00a0 pour les ailes et un peu de dubbing ice dub\u00a0 pour apporter de\u00a0 la brillance.\u00a0Cette mouche tr\u00e8s \u00e9pur\u00e9e est redoutable pour la p\u00eache des grosses truites au printemps.<\/p>\n<p>Disponible en\u00a0 tailles du 10 et 12<\/p>\n","protected":false},"featured_media":3003,"template":"","meta":{"neve_meta_sidebar":"","neve_meta_container":"","neve_meta_enable_content_width":"off","neve_meta_content_width":70,"neve_meta_title_alignment":"","neve_meta_author_avatar":"","neve_post_elements_order":"","neve_meta_disable_header":"","neve_meta_disable_footer":"","neve_meta_disable_title":"","_themeisle_gutenberg_block_has_review":false},"product_brand":[],"product_cat":[47],"product_tag":[],"class_list":{"0":"post-2118","1":"product","2":"type-product","3":"status-publish","4":"has-post-thumbnail","6":"product_cat-seche","8":"first","9":"instock","10":"taxable","11":"shipping-taxable","12":"purchasable","13":"product-type-variable"},"_links":{"self":[{"href":"https:\/\/perdifly.com\/index.php\/wp-json\/wp\/v2\/product\/2118","targetHints":{"allow":["GET"]}}],"collection":[{"href":"https:\/\/perdifly.com\/index.php\/wp-json\/wp\/v2\/product"}],"about":[{"href":"https:\/\/perdifly.com\/index.php\/wp-json\/wp\/v2\/types\/product"}],"wp:featuredmedia":[{"embeddable":true,"href":"https:\/\/perdifly.com\/index.php\/wp-json\/wp\/v2\/media\/3003"}],"wp:attachment":[{"href":"https:\/\/perdifly.com\/index.php\/wp-json\/wp\/v2\/media?parent=2118"}],"wp:term":[{"taxonomy":"product_brand","embeddable":true,"href":"https:\/\/perdifly.com\/index.php\/wp-json\/wp\/v2\/product_brand?post=2118"},{"taxonomy":"product_cat","embeddable":true,"href":"https:\/\/perdifly.com\/index.php\/wp-json\/wp\/v2\/product_cat?post=2118"},{"taxonomy":"product_tag","embeddable":true,"href":"https:\/\/perdifly.com\/index.php\/wp-json\/wp\/v2\/product_tag?post=2118"}],"curies":[{"name":"wp","href":"https:\/\/api.w.org\/{rel}","templated":true}]}}