{"id":2102,"date":"2024-12-31T17:05:04","date_gmt":"2024-12-31T16:05:04","guid":{"rendered":"https:\/\/perdifly.com\/?post_type=product&#038;p=2102"},"modified":"2024-12-31T17:15:20","modified_gmt":"2024-12-31T16:15:20","slug":"flexo-crab","status":"publish","type":"product","link":"https:\/\/perdifly.com\/index.php\/produit\/flexo-crab\/","title":{"rendered":"Flexo crab"},"content":{"rendered":"<ul>\n<li>Hame\u00e7on : Gamakatsu L33F en 4 , 2 et 1<\/li>\n<li>Corps :\u00a0 Flexo tube<\/li>\n<li>Pates:\u00a0 Micro chenille<\/li>\n<li>Fil : veevus GPS<\/li>\n<\/ul>\n","protected":false},"excerpt":{"rendered":"<p>Le flexo crab est un indispensable de la p\u00eache en mer.<\/p>\n<p>Tout aussi redoutable sur les bonefish, permit ou parot fish , c\u2019est aussi une tr\u00e8s bonne mouche pour la p\u00eache du Bar.<\/p>\n<p>Existe en 3 tailles du au 1 et en deux couleurs vert ou tan<\/p>\n<p>Les hame\u00e7ons Gamaktsu L33F sont sp\u00e9cialement adapt\u00e9 au montage de ces imitation de crabe.<\/p>\n<p>&nbsp;<\/p>\n","protected":false},"featured_media":2111,"template":"","meta":{"neve_meta_sidebar":"","neve_meta_container":"","neve_meta_enable_content_width":"off","neve_meta_content_width":70,"neve_meta_title_alignment":"","neve_meta_author_avatar":"","neve_post_elements_order":"","neve_meta_disable_header":"","neve_meta_disable_footer":"","neve_meta_disable_title":"","_themeisle_gutenberg_block_has_review":false},"product_brand":[],"product_cat":[95],"product_tag":[],"class_list":{"0":"post-2102","1":"product","2":"type-product","3":"status-publish","4":"has-post-thumbnail","6":"product_cat-exotique-mer","8":"first","9":"instock","10":"taxable","11":"shipping-taxable","12":"purchasable","13":"product-type-variable"},"_links":{"self":[{"href":"https:\/\/perdifly.com\/index.php\/wp-json\/wp\/v2\/product\/2102","targetHints":{"allow":["GET"]}}],"collection":[{"href":"https:\/\/perdifly.com\/index.php\/wp-json\/wp\/v2\/product"}],"about":[{"href":"https:\/\/perdifly.com\/index.php\/wp-json\/wp\/v2\/types\/product"}],"wp:featuredmedia":[{"embeddable":true,"href":"https:\/\/perdifly.com\/index.php\/wp-json\/wp\/v2\/media\/2111"}],"wp:attachment":[{"href":"https:\/\/perdifly.com\/index.php\/wp-json\/wp\/v2\/media?parent=2102"}],"wp:term":[{"taxonomy":"product_brand","embeddable":true,"href":"https:\/\/perdifly.com\/index.php\/wp-json\/wp\/v2\/product_brand?post=2102"},{"taxonomy":"product_cat","embeddable":true,"href":"https:\/\/perdifly.com\/index.php\/wp-json\/wp\/v2\/product_cat?post=2102"},{"taxonomy":"product_tag","embeddable":true,"href":"https:\/\/perdifly.com\/index.php\/wp-json\/wp\/v2\/product_tag?post=2102"}],"curies":[{"name":"wp","href":"https:\/\/api.w.org\/{rel}","templated":true}]}}