{"id":2055,"date":"2024-12-30T12:46:36","date_gmt":"2024-12-30T11:46:36","guid":{"rendered":"https:\/\/perdifly.com\/?post_type=product&#038;p=2055"},"modified":"2024-12-31T17:04:15","modified_gmt":"2024-12-31T16:04:15","slug":"minnow","status":"publish","type":"product","link":"https:\/\/perdifly.com\/index.php\/produit\/minnow\/","title":{"rendered":"Minnow"},"content":{"rendered":"<div class=\"su-image-carousel  su-image-carousel-has-spacing su-image-carousel-crop su-image-carousel-crop-16-9 su-image-carousel-has-outline su-image-carousel-adaptive su-image-carousel-slides-style-photo su-image-carousel-controls-style-dark su-image-carousel-align-none\" style=\"\" data-flickity-options='{\"groupCells\":true,\"cellSelector\":\".su-image-carousel-item\",\"adaptiveHeight\":false,\"cellAlign\":\"left\",\"prevNextButtons\":true,\"pageDots\":true,\"autoPlay\":4000,\"imagesLoaded\":true,\"contain\":true,\"selectedAttraction\":0.025,\"friction\":0.28}' id=\"su_image_carousel_69e1320be83e3\"><div class=\"su-image-carousel-item\"><div class=\"su-image-carousel-item-content\"><img loading=\"lazy\" decoding=\"async\" width=\"2560\" height=\"1920\" src=\"https:\/\/perdifly.com\/wp-content\/uploads\/2024\/12\/PXL_20241125_112013881-scaled.jpg\" class=\"\" alt=\"\" srcset=\"https:\/\/perdifly.com\/wp-content\/uploads\/2024\/12\/PXL_20241125_112013881-scaled.jpg 2560w, https:\/\/perdifly.com\/wp-content\/uploads\/2024\/12\/PXL_20241125_112013881-300x225.jpg 300w, https:\/\/perdifly.com\/wp-content\/uploads\/2024\/12\/PXL_20241125_112013881-1024x768.jpg 1024w, https:\/\/perdifly.com\/wp-content\/uploads\/2024\/12\/PXL_20241125_112013881-768x576.jpg 768w, https:\/\/perdifly.com\/wp-content\/uploads\/2024\/12\/PXL_20241125_112013881-1536x1152.jpg 1536w, https:\/\/perdifly.com\/wp-content\/uploads\/2024\/12\/PXL_20241125_112013881-2048x1536.jpg 2048w, https:\/\/perdifly.com\/wp-content\/uploads\/2024\/12\/PXL_20241125_112013881-600x450.jpg 600w\" sizes=\"auto, (max-width: 2560px) 100vw, 2560px\" \/><\/div><\/div><div class=\"su-image-carousel-item\"><div class=\"su-image-carousel-item-content\"><img loading=\"lazy\" decoding=\"async\" width=\"2560\" height=\"1920\" src=\"https:\/\/perdifly.com\/wp-content\/uploads\/2024\/12\/PXL_20241125_111923013-scaled.jpg\" class=\"\" alt=\"\" srcset=\"https:\/\/perdifly.com\/wp-content\/uploads\/2024\/12\/PXL_20241125_111923013-scaled.jpg 2560w, https:\/\/perdifly.com\/wp-content\/uploads\/2024\/12\/PXL_20241125_111923013-300x225.jpg 300w, https:\/\/perdifly.com\/wp-content\/uploads\/2024\/12\/PXL_20241125_111923013-1024x768.jpg 1024w, https:\/\/perdifly.com\/wp-content\/uploads\/2024\/12\/PXL_20241125_111923013-768x576.jpg 768w, https:\/\/perdifly.com\/wp-content\/uploads\/2024\/12\/PXL_20241125_111923013-1536x1152.jpg 1536w, https:\/\/perdifly.com\/wp-content\/uploads\/2024\/12\/PXL_20241125_111923013-2048x1536.jpg 2048w, https:\/\/perdifly.com\/wp-content\/uploads\/2024\/12\/PXL_20241125_111923013-600x450.jpg 600w\" sizes=\"auto, (max-width: 2560px) 100vw, 2560px\" \/><\/div><\/div><div class=\"su-image-carousel-item\"><div class=\"su-image-carousel-item-content\"><img loading=\"lazy\" decoding=\"async\" width=\"2560\" height=\"1920\" src=\"https:\/\/perdifly.com\/wp-content\/uploads\/2024\/12\/PXL_20241125_112003970-scaled.jpg\" class=\"\" alt=\"\" srcset=\"https:\/\/perdifly.com\/wp-content\/uploads\/2024\/12\/PXL_20241125_112003970-scaled.jpg 2560w, https:\/\/perdifly.com\/wp-content\/uploads\/2024\/12\/PXL_20241125_112003970-300x225.jpg 300w, https:\/\/perdifly.com\/wp-content\/uploads\/2024\/12\/PXL_20241125_112003970-1024x768.jpg 1024w, https:\/\/perdifly.com\/wp-content\/uploads\/2024\/12\/PXL_20241125_112003970-768x576.jpg 768w, https:\/\/perdifly.com\/wp-content\/uploads\/2024\/12\/PXL_20241125_112003970-1536x1152.jpg 1536w, https:\/\/perdifly.com\/wp-content\/uploads\/2024\/12\/PXL_20241125_112003970-2048x1536.jpg 2048w, https:\/\/perdifly.com\/wp-content\/uploads\/2024\/12\/PXL_20241125_112003970-600x450.jpg 600w\" sizes=\"auto, (max-width: 2560px) 100vw, 2560px\" \/><\/div><\/div><div class=\"su-image-carousel-item\"><div class=\"su-image-carousel-item-content\"><img loading=\"lazy\" decoding=\"async\" width=\"2560\" height=\"1920\" src=\"https:\/\/perdifly.com\/wp-content\/uploads\/2024\/12\/PXL_20241125_111948627-scaled.jpg\" class=\"\" alt=\"\" srcset=\"https:\/\/perdifly.com\/wp-content\/uploads\/2024\/12\/PXL_20241125_111948627-scaled.jpg 2560w, https:\/\/perdifly.com\/wp-content\/uploads\/2024\/12\/PXL_20241125_111948627-300x225.jpg 300w, https:\/\/perdifly.com\/wp-content\/uploads\/2024\/12\/PXL_20241125_111948627-1024x768.jpg 1024w, https:\/\/perdifly.com\/wp-content\/uploads\/2024\/12\/PXL_20241125_111948627-768x576.jpg 768w, https:\/\/perdifly.com\/wp-content\/uploads\/2024\/12\/PXL_20241125_111948627-1536x1152.jpg 1536w, https:\/\/perdifly.com\/wp-content\/uploads\/2024\/12\/PXL_20241125_111948627-2048x1536.jpg 2048w, https:\/\/perdifly.com\/wp-content\/uploads\/2024\/12\/PXL_20241125_111948627-600x450.jpg 600w\" sizes=\"auto, (max-width: 2560px) 100vw, 2560px\" \/><\/div><\/div><div class=\"su-image-carousel-item\"><div class=\"su-image-carousel-item-content\"><img loading=\"lazy\" decoding=\"async\" width=\"2560\" height=\"1920\" src=\"https:\/\/perdifly.com\/wp-content\/uploads\/2024\/12\/PXL_20241125_111957332.MP_-scaled.jpg\" class=\"\" alt=\"\" srcset=\"https:\/\/perdifly.com\/wp-content\/uploads\/2024\/12\/PXL_20241125_111957332.MP_-scaled.jpg 2560w, https:\/\/perdifly.com\/wp-content\/uploads\/2024\/12\/PXL_20241125_111957332.MP_-300x225.jpg 300w, https:\/\/perdifly.com\/wp-content\/uploads\/2024\/12\/PXL_20241125_111957332.MP_-1024x768.jpg 1024w, https:\/\/perdifly.com\/wp-content\/uploads\/2024\/12\/PXL_20241125_111957332.MP_-768x576.jpg 768w, https:\/\/perdifly.com\/wp-content\/uploads\/2024\/12\/PXL_20241125_111957332.MP_-1536x1152.jpg 1536w, https:\/\/perdifly.com\/wp-content\/uploads\/2024\/12\/PXL_20241125_111957332.MP_-2048x1536.jpg 2048w, https:\/\/perdifly.com\/wp-content\/uploads\/2024\/12\/PXL_20241125_111957332.MP_-600x450.jpg 600w\" sizes=\"auto, (max-width: 2560px) 100vw, 2560px\" \/><\/div><\/div><div class=\"su-image-carousel-item\"><div class=\"su-image-carousel-item-content\"><img loading=\"lazy\" decoding=\"async\" width=\"2560\" height=\"1920\" src=\"https:\/\/perdifly.com\/wp-content\/uploads\/2024\/12\/PXL_20241125_112036196-scaled.jpg\" class=\"\" alt=\"\" srcset=\"https:\/\/perdifly.com\/wp-content\/uploads\/2024\/12\/PXL_20241125_112036196-scaled.jpg 2560w, https:\/\/perdifly.com\/wp-content\/uploads\/2024\/12\/PXL_20241125_112036196-300x225.jpg 300w, https:\/\/perdifly.com\/wp-content\/uploads\/2024\/12\/PXL_20241125_112036196-1024x768.jpg 1024w, https:\/\/perdifly.com\/wp-content\/uploads\/2024\/12\/PXL_20241125_112036196-768x576.jpg 768w, https:\/\/perdifly.com\/wp-content\/uploads\/2024\/12\/PXL_20241125_112036196-1536x1152.jpg 1536w, https:\/\/perdifly.com\/wp-content\/uploads\/2024\/12\/PXL_20241125_112036196-2048x1536.jpg 2048w, https:\/\/perdifly.com\/wp-content\/uploads\/2024\/12\/PXL_20241125_112036196-600x450.jpg 600w\" sizes=\"auto, (max-width: 2560px) 100vw, 2560px\" \/><\/div><\/div><\/div><script id=\"su_image_carousel_69e1320be83e3_script\">if(window.SUImageCarousel){setTimeout(function() {window.SUImageCarousel.initGallery(document.getElementById(\"su_image_carousel_69e1320be83e3\"))}, 0);}var su_image_carousel_69e1320be83e3_script=document.getElementById(\"su_image_carousel_69e1320be83e3_script\");if(su_image_carousel_69e1320be83e3_script){su_image_carousel_69e1320be83e3_script.parentNode.removeChild(su_image_carousel_69e1320be83e3_script);}<\/script>\n<ul>\n<li>Hame\u00e7on : Gamakatsu SL12 big game 1\/0 \u00e0 4\/0<\/li>\n<li>Yeux\u00a0 : Stick eyes<\/li>\n<li>Corps :\u00a0 chenille<\/li>\n<li>Queue :Polar aire, sea fuzz , tinsel holographique<\/li>\n<li>Fil : Veevus GPS<\/li>\n<\/ul>\n","protected":false},"excerpt":{"rendered":"<p>Le minnow est une imitation de poisson fourrage dont raffole les pr\u00e9dateurs des mers que sont le tarpon, carangue, blue runner\u2026<\/p>\n<p>Chez nous les bars n\u2019y sont pas insensible<\/p>\n<p>Ce mod\u00e8le est mont\u00e9 en diff\u00e9rentes combinaison de couleurs:<\/p>\n<ul>\n<li>Bleu\/blanc<\/li>\n<li>Vert\/blanc<\/li>\n<li>Marron\/blanc<\/li>\n<li>Violet \/noir<\/li>\n<li>Noir\/violet<\/li>\n<\/ul>\n<p>Le tout mont\u00e9 sur des hame\u00e7ons Gamaktsu SL 12 tarpon du 1\/0 au 4\/0<\/p>\n","protected":false},"featured_media":2066,"template":"","meta":{"neve_meta_sidebar":"","neve_meta_container":"","neve_meta_enable_content_width":"off","neve_meta_content_width":70,"neve_meta_title_alignment":"","neve_meta_author_avatar":"","neve_post_elements_order":"","neve_meta_disable_header":"","neve_meta_disable_footer":"","neve_meta_disable_title":"","_themeisle_gutenberg_block_has_review":false},"product_brand":[],"product_cat":[95],"product_tag":[],"class_list":{"0":"post-2055","1":"product","2":"type-product","3":"status-publish","4":"has-post-thumbnail","6":"product_cat-exotique-mer","8":"first","9":"instock","10":"taxable","11":"shipping-taxable","12":"purchasable","13":"product-type-variable"},"_links":{"self":[{"href":"https:\/\/perdifly.com\/index.php\/wp-json\/wp\/v2\/product\/2055","targetHints":{"allow":["GET"]}}],"collection":[{"href":"https:\/\/perdifly.com\/index.php\/wp-json\/wp\/v2\/product"}],"about":[{"href":"https:\/\/perdifly.com\/index.php\/wp-json\/wp\/v2\/types\/product"}],"wp:featuredmedia":[{"embeddable":true,"href":"https:\/\/perdifly.com\/index.php\/wp-json\/wp\/v2\/media\/2066"}],"wp:attachment":[{"href":"https:\/\/perdifly.com\/index.php\/wp-json\/wp\/v2\/media?parent=2055"}],"wp:term":[{"taxonomy":"product_brand","embeddable":true,"href":"https:\/\/perdifly.com\/index.php\/wp-json\/wp\/v2\/product_brand?post=2055"},{"taxonomy":"product_cat","embeddable":true,"href":"https:\/\/perdifly.com\/index.php\/wp-json\/wp\/v2\/product_cat?post=2055"},{"taxonomy":"product_tag","embeddable":true,"href":"https:\/\/perdifly.com\/index.php\/wp-json\/wp\/v2\/product_tag?post=2055"}],"curies":[{"name":"wp","href":"https:\/\/api.w.org\/{rel}","templated":true}]}}