{"id":2039,"date":"2024-12-30T12:25:30","date_gmt":"2024-12-30T11:25:30","guid":{"rendered":"https:\/\/perdifly.com\/?post_type=product&#038;p=2039"},"modified":"2025-11-04T10:34:56","modified_gmt":"2025-11-04T09:34:56","slug":"barracuda-fly","status":"publish","type":"product","link":"https:\/\/perdifly.com\/index.php\/produit\/barracuda-fly\/","title":{"rendered":"Barracuda fly"},"content":{"rendered":"<div class=\"su-image-carousel  su-image-carousel-has-spacing su-image-carousel-crop su-image-carousel-crop-16-9 su-image-carousel-has-outline su-image-carousel-adaptive su-image-carousel-slides-style-photo su-image-carousel-controls-style-dark su-image-carousel-align-none\" style=\"\" data-flickity-options='{\"groupCells\":true,\"cellSelector\":\".su-image-carousel-item\",\"adaptiveHeight\":false,\"cellAlign\":\"left\",\"prevNextButtons\":true,\"pageDots\":true,\"autoPlay\":4000,\"imagesLoaded\":true,\"contain\":true,\"selectedAttraction\":0.025,\"friction\":0.28}' id=\"su_image_carousel_69e1201563b4a\"><div class=\"su-image-carousel-item\"><div class=\"su-image-carousel-item-content\"><img loading=\"lazy\" decoding=\"async\" width=\"2560\" height=\"1920\" src=\"https:\/\/perdifly.com\/wp-content\/uploads\/2024\/12\/PXL_20241125_105010868-scaled.jpg\" class=\"\" alt=\"\" srcset=\"https:\/\/perdifly.com\/wp-content\/uploads\/2024\/12\/PXL_20241125_105010868-scaled.jpg 2560w, https:\/\/perdifly.com\/wp-content\/uploads\/2024\/12\/PXL_20241125_105010868-300x225.jpg 300w, https:\/\/perdifly.com\/wp-content\/uploads\/2024\/12\/PXL_20241125_105010868-1024x768.jpg 1024w, https:\/\/perdifly.com\/wp-content\/uploads\/2024\/12\/PXL_20241125_105010868-768x576.jpg 768w, https:\/\/perdifly.com\/wp-content\/uploads\/2024\/12\/PXL_20241125_105010868-1536x1152.jpg 1536w, https:\/\/perdifly.com\/wp-content\/uploads\/2024\/12\/PXL_20241125_105010868-2048x1536.jpg 2048w, https:\/\/perdifly.com\/wp-content\/uploads\/2024\/12\/PXL_20241125_105010868-600x450.jpg 600w\" sizes=\"auto, (max-width: 2560px) 100vw, 2560px\" \/><\/div><\/div><div class=\"su-image-carousel-item\"><div class=\"su-image-carousel-item-content\"><img loading=\"lazy\" decoding=\"async\" width=\"2560\" height=\"1920\" src=\"https:\/\/perdifly.com\/wp-content\/uploads\/2024\/12\/PXL_20241125_104911157-scaled.jpg\" class=\"\" alt=\"\" srcset=\"https:\/\/perdifly.com\/wp-content\/uploads\/2024\/12\/PXL_20241125_104911157-scaled.jpg 2560w, https:\/\/perdifly.com\/wp-content\/uploads\/2024\/12\/PXL_20241125_104911157-300x225.jpg 300w, https:\/\/perdifly.com\/wp-content\/uploads\/2024\/12\/PXL_20241125_104911157-1024x768.jpg 1024w, https:\/\/perdifly.com\/wp-content\/uploads\/2024\/12\/PXL_20241125_104911157-768x576.jpg 768w, https:\/\/perdifly.com\/wp-content\/uploads\/2024\/12\/PXL_20241125_104911157-1536x1152.jpg 1536w, https:\/\/perdifly.com\/wp-content\/uploads\/2024\/12\/PXL_20241125_104911157-2048x1536.jpg 2048w, https:\/\/perdifly.com\/wp-content\/uploads\/2024\/12\/PXL_20241125_104911157-600x450.jpg 600w\" sizes=\"auto, (max-width: 2560px) 100vw, 2560px\" \/><\/div><\/div><\/div><script id=\"su_image_carousel_69e1201563b4a_script\">if(window.SUImageCarousel){setTimeout(function() {window.SUImageCarousel.initGallery(document.getElementById(\"su_image_carousel_69e1201563b4a\"))}, 0);}var su_image_carousel_69e1201563b4a_script=document.getElementById(\"su_image_carousel_69e1201563b4a_script\");if(su_image_carousel_69e1201563b4a_script){su_image_carousel_69e1201563b4a_script.parentNode.removeChild(su_image_carousel_69e1201563b4a_script);}<\/script>\n<ul>\n<li>Hame\u00e7on : 2 hame\u00e7ons Gamakatsu L33F\u00a0 1\/0 et 1<\/li>\n<li>Yeux\u00a0 : Stick eyes<\/li>\n<li>Corps :\u00a0 Body tubing<\/li>\n<li>Queue : Bucktail et tinsel<\/li>\n<li>Fil : Veevus GPS<\/li>\n<\/ul>\n","protected":false},"excerpt":{"rendered":"<p>L\u2019utilisation d\u2019imitation de needlefish, s\u2019av\u00e8re toujours aussi redoutable pour duper les Bara. Malgr\u00e9 ca dimension imposante cette mouche en reste pour autant facile \u00e0 lancer<\/p>\n<p>Elle existe en grand ou petit mod\u00e8le et en deux couleurs\u00a0 Orange ou Vert.<\/p>\n","protected":false},"featured_media":2049,"template":"","meta":{"neve_meta_sidebar":"","neve_meta_container":"","neve_meta_enable_content_width":"off","neve_meta_content_width":70,"neve_meta_title_alignment":"","neve_meta_author_avatar":"","neve_post_elements_order":"","neve_meta_disable_header":"","neve_meta_disable_footer":"","neve_meta_disable_title":"","_themeisle_gutenberg_block_has_review":false},"product_brand":[],"product_cat":[95],"product_tag":[],"class_list":{"0":"post-2039","1":"product","2":"type-product","3":"status-publish","4":"has-post-thumbnail","6":"product_cat-exotique-mer","8":"first","9":"instock","10":"taxable","11":"shipping-taxable","12":"purchasable","13":"product-type-variable"},"_links":{"self":[{"href":"https:\/\/perdifly.com\/index.php\/wp-json\/wp\/v2\/product\/2039","targetHints":{"allow":["GET"]}}],"collection":[{"href":"https:\/\/perdifly.com\/index.php\/wp-json\/wp\/v2\/product"}],"about":[{"href":"https:\/\/perdifly.com\/index.php\/wp-json\/wp\/v2\/types\/product"}],"wp:featuredmedia":[{"embeddable":true,"href":"https:\/\/perdifly.com\/index.php\/wp-json\/wp\/v2\/media\/2049"}],"wp:attachment":[{"href":"https:\/\/perdifly.com\/index.php\/wp-json\/wp\/v2\/media?parent=2039"}],"wp:term":[{"taxonomy":"product_brand","embeddable":true,"href":"https:\/\/perdifly.com\/index.php\/wp-json\/wp\/v2\/product_brand?post=2039"},{"taxonomy":"product_cat","embeddable":true,"href":"https:\/\/perdifly.com\/index.php\/wp-json\/wp\/v2\/product_cat?post=2039"},{"taxonomy":"product_tag","embeddable":true,"href":"https:\/\/perdifly.com\/index.php\/wp-json\/wp\/v2\/product_tag?post=2039"}],"curies":[{"name":"wp","href":"https:\/\/api.w.org\/{rel}","templated":true}]}}