{"id":2021,"date":"2024-09-29T13:40:17","date_gmt":"2024-09-29T11:40:17","guid":{"rendered":"https:\/\/perdifly.com\/?post_type=product&#038;p=2021"},"modified":"2025-10-23T10:55:54","modified_gmt":"2025-10-23T08:55:54","slug":"boite-mouches-seches-catalogne","status":"publish","type":"product","link":"https:\/\/perdifly.com\/index.php\/produit\/boite-mouches-seches-catalogne\/","title":{"rendered":"Boite mouches s\u00e8ches Catalogne"},"content":{"rendered":"<p>La composition de nos packs :<\/p>\n<ul>\n<li><strong>Pack essentiel,\u00a0 24 mouches s\u00e8ches et \u00e9mergentes<\/strong> :3 shutlecok olive en 18, 3 shutlecok olive en 20, 3 shutlecok faisan en 18,\u00a0 3 bi ailes olive en 18, 3 bi ailes olive en 20,3 SB rouille en 16,\u00a0 3 lievre et cdc en 18, 3 spent en 16<\/li>\n<\/ul>\n<p>&nbsp;<\/p>\n<ul>\n<li><strong>Pack toutes situations, 42 mouches s\u00e8ches et \u00e9mergentes: <\/strong>3 shutlecok olive en 18, 3 shutlecok olive en 20, 3 shutlecok faisant en 18, 3 shutlecok faisan en 20, 3 voilier olive en 18, 3 voilier olive en 20, 3 bi ailes olive en 16, 3 bi ailes olive en 18, 3 bi ailes olive en 20, 3 SB rouille en 16, 3 Sedge Elk hair en 16, 3 lievre et cdc en 18, 3 lievre et cdc en 20 , 3 spent en 18<\/li>\n<\/ul>\n","protected":false},"excerpt":{"rendered":"<p>S\u00e9lection de mouches s\u00e8ches sp\u00e9cialement con\u00e7ue en partenariat Escape Fly Fishing pour la p\u00eache l&rsquo;automne et l&rsquo;hivers en\u00a0 Catalogne<\/p>\n<p>2 assortiments sont \u00e0 votre disposition:<\/p>\n<ul>\n<li>Pack\u00a0 essentiel compos\u00e9e d&rsquo;un assortiment de 24 mouches s\u00e8ches et \u00e9mergentes<\/li>\n<li>Pack toutes situations compos\u00e9e d&rsquo;un assortiment de 42 mouches s\u00e8ches et \u00e9mergentes<\/li>\n<\/ul>\n","protected":false},"featured_media":2798,"template":"","meta":{"neve_meta_sidebar":"","neve_meta_container":"","neve_meta_enable_content_width":"off","neve_meta_content_width":70,"neve_meta_title_alignment":"","neve_meta_author_avatar":"","neve_post_elements_order":"","neve_meta_disable_header":"","neve_meta_disable_footer":"","neve_meta_disable_title":"","_themeisle_gutenberg_block_has_review":false},"product_brand":[],"product_cat":[126],"product_tag":[],"class_list":{"0":"post-2021","1":"product","2":"type-product","3":"status-publish","4":"has-post-thumbnail","6":"product_cat-catalogne","7":"product_shipping_class-colis","9":"first","10":"instock","11":"taxable","12":"shipping-taxable","13":"purchasable","14":"product-type-variable"},"_links":{"self":[{"href":"https:\/\/perdifly.com\/index.php\/wp-json\/wp\/v2\/product\/2021","targetHints":{"allow":["GET"]}}],"collection":[{"href":"https:\/\/perdifly.com\/index.php\/wp-json\/wp\/v2\/product"}],"about":[{"href":"https:\/\/perdifly.com\/index.php\/wp-json\/wp\/v2\/types\/product"}],"wp:featuredmedia":[{"embeddable":true,"href":"https:\/\/perdifly.com\/index.php\/wp-json\/wp\/v2\/media\/2798"}],"wp:attachment":[{"href":"https:\/\/perdifly.com\/index.php\/wp-json\/wp\/v2\/media?parent=2021"}],"wp:term":[{"taxonomy":"product_brand","embeddable":true,"href":"https:\/\/perdifly.com\/index.php\/wp-json\/wp\/v2\/product_brand?post=2021"},{"taxonomy":"product_cat","embeddable":true,"href":"https:\/\/perdifly.com\/index.php\/wp-json\/wp\/v2\/product_cat?post=2021"},{"taxonomy":"product_tag","embeddable":true,"href":"https:\/\/perdifly.com\/index.php\/wp-json\/wp\/v2\/product_tag?post=2021"}],"curies":[{"name":"wp","href":"https:\/\/api.w.org\/{rel}","templated":true}]}}