{"id":2020,"date":"2025-09-29T13:29:52","date_gmt":"2025-09-29T11:29:52","guid":{"rendered":"https:\/\/perdifly.com\/?post_type=product&#038;p=2020"},"modified":"2025-10-23T12:10:14","modified_gmt":"2025-10-23T10:10:14","slug":"boite-nymphes-catalogne","status":"publish","type":"product","link":"https:\/\/perdifly.com\/index.php\/produit\/boite-nymphes-catalogne\/","title":{"rendered":"Boite Nymphes Catalogne"},"content":{"rendered":"<ul>\n<li><strong>Pack essentiel,\u00a0 24 nymphes pour la p\u00eache \u00e0 vue et au fil :<\/strong>\n<ul>\n<li>3 Boro nymphe taille 18,<\/li>\n<li>3 Boro nymphe taille 20<\/li>\n<li>3 Pheasant tail taille 18<\/li>\n<li>3 Nymphe Gazolina taille 16<\/li>\n<li>3 Nymphe Gazolina taille 18,<\/li>\n<li>3 Nymphe R &amp; N taille 14<\/li>\n<li>3 Nymphe R &amp; N taille 16,<\/li>\n<li>3 Gammares taille 14<\/li>\n<\/ul>\n<\/li>\n<\/ul>\n<p>&nbsp;<\/p>\n<ul>\n<li><strong>Pack toute situation, 36 nymphes pour la p\u00eache \u00e0 vue et au fil:\u00a0 <\/strong>\n<ul>\n<li>3 Boro nymphe taille 18<\/li>\n<li>3 Boro nymphe taille 20<\/li>\n<li>3 nymphe Gazolina taille 16<\/li>\n<li>3 nymphe Gazolina taille 18<\/li>\n<li>3 Pheasant tail taille 16<\/li>\n<li>3 Pheasant tail taille 18<\/li>\n<li>3 nymphes Noir et Orange taille 16<\/li>\n<li>3 nymphes Noir et Orange taille 18<\/li>\n<li>3 Gammare\u00a0 taille 16<\/li>\n<li>3 Gammare tungstene taille 14.<\/li>\n<\/ul>\n<\/li>\n<\/ul>\n","protected":false},"excerpt":{"rendered":"<p>Boite sp\u00e9cialement con\u00e7ue en partenariat Escape Fly Fishing pour la p\u00eache en Catalogne<\/p>\n<p>2 assortiments sont \u00e0 votre disposition:<\/p>\n<ul>\n<li>Pack essentiel,\u00a0 24 nymphes pour la p\u00eache \u00e0 vue et au fil<\/li>\n<li>Pack toute situation, 36 nymphes pour la p\u00eache \u00e0 vue et au fil<\/li>\n<\/ul>\n<p>La boite est offerte<\/p>\n","protected":false},"featured_media":2799,"template":"","meta":{"neve_meta_sidebar":"","neve_meta_container":"","neve_meta_enable_content_width":"off","neve_meta_content_width":70,"neve_meta_title_alignment":"","neve_meta_author_avatar":"","neve_post_elements_order":"","neve_meta_disable_header":"","neve_meta_disable_footer":"","neve_meta_disable_title":"","_themeisle_gutenberg_block_has_review":false},"product_brand":[],"product_cat":[126],"product_tag":[],"class_list":{"0":"post-2020","1":"product","2":"type-product","3":"status-publish","4":"has-post-thumbnail","6":"product_cat-catalogne","7":"product_shipping_class-colis","9":"first","10":"instock","11":"taxable","12":"shipping-taxable","13":"purchasable","14":"product-type-variable"},"_links":{"self":[{"href":"https:\/\/perdifly.com\/index.php\/wp-json\/wp\/v2\/product\/2020","targetHints":{"allow":["GET"]}}],"collection":[{"href":"https:\/\/perdifly.com\/index.php\/wp-json\/wp\/v2\/product"}],"about":[{"href":"https:\/\/perdifly.com\/index.php\/wp-json\/wp\/v2\/types\/product"}],"wp:featuredmedia":[{"embeddable":true,"href":"https:\/\/perdifly.com\/index.php\/wp-json\/wp\/v2\/media\/2799"}],"wp:attachment":[{"href":"https:\/\/perdifly.com\/index.php\/wp-json\/wp\/v2\/media?parent=2020"}],"wp:term":[{"taxonomy":"product_brand","embeddable":true,"href":"https:\/\/perdifly.com\/index.php\/wp-json\/wp\/v2\/product_brand?post=2020"},{"taxonomy":"product_cat","embeddable":true,"href":"https:\/\/perdifly.com\/index.php\/wp-json\/wp\/v2\/product_cat?post=2020"},{"taxonomy":"product_tag","embeddable":true,"href":"https:\/\/perdifly.com\/index.php\/wp-json\/wp\/v2\/product_tag?post=2020"}],"curies":[{"name":"wp","href":"https:\/\/api.w.org\/{rel}","templated":true}]}}