{"id":1976,"date":"2024-12-28T10:48:37","date_gmt":"2024-12-28T09:48:37","guid":{"rendered":"https:\/\/perdifly.com\/?post_type=product&#038;p=1976"},"modified":"2024-12-28T12:01:20","modified_gmt":"2024-12-28T11:01:20","slug":"bonefish-shrimp","status":"publish","type":"product","link":"https:\/\/perdifly.com\/index.php\/produit\/bonefish-shrimp\/","title":{"rendered":"Bonefish shrimp"},"content":{"rendered":"<ul>\n<li>Hame\u00e7on : Ahrex SA210 en 4 et 6<\/li>\n<li>Yeux : Chainette dor\u00e9e 3mm<\/li>\n<li>Corps :\u00a0 Tinsel or<\/li>\n<li>Toupet : Veau ocre<\/li>\n<li>Pates:\u00a0 sili leg<\/li>\n<li>Fil : veevus GPS<\/li>\n<\/ul>\n","protected":false},"excerpt":{"rendered":"<p>Cette imitation d\u2019ensemble de crevette l\u00e9g\u00e8rement plomb\u00e9e est du efficacit\u00e9 redoutable sur les bonefish.<\/p>\n<p>Dans nos contr\u00e9es c\u2019est une mouche qui convient bien \u00e0 la p\u00eache du bar<\/p>\n<p>Existe en deux tailles 4 et 6<\/p>\n<p>&nbsp;<\/p>\n","protected":false},"featured_media":1979,"template":"","meta":{"neve_meta_sidebar":"","neve_meta_container":"","neve_meta_enable_content_width":"off","neve_meta_content_width":70,"neve_meta_title_alignment":"","neve_meta_author_avatar":"","neve_post_elements_order":"","neve_meta_disable_header":"","neve_meta_disable_footer":"","neve_meta_disable_title":"","_themeisle_gutenberg_block_has_review":false},"product_brand":[],"product_cat":[95],"product_tag":[],"class_list":{"0":"post-1976","1":"product","2":"type-product","3":"status-publish","4":"has-post-thumbnail","6":"product_cat-exotique-mer","8":"first","9":"instock","10":"taxable","11":"shipping-taxable","12":"purchasable","13":"product-type-variable"},"_links":{"self":[{"href":"https:\/\/perdifly.com\/index.php\/wp-json\/wp\/v2\/product\/1976","targetHints":{"allow":["GET"]}}],"collection":[{"href":"https:\/\/perdifly.com\/index.php\/wp-json\/wp\/v2\/product"}],"about":[{"href":"https:\/\/perdifly.com\/index.php\/wp-json\/wp\/v2\/types\/product"}],"wp:featuredmedia":[{"embeddable":true,"href":"https:\/\/perdifly.com\/index.php\/wp-json\/wp\/v2\/media\/1979"}],"wp:attachment":[{"href":"https:\/\/perdifly.com\/index.php\/wp-json\/wp\/v2\/media?parent=1976"}],"wp:term":[{"taxonomy":"product_brand","embeddable":true,"href":"https:\/\/perdifly.com\/index.php\/wp-json\/wp\/v2\/product_brand?post=1976"},{"taxonomy":"product_cat","embeddable":true,"href":"https:\/\/perdifly.com\/index.php\/wp-json\/wp\/v2\/product_cat?post=1976"},{"taxonomy":"product_tag","embeddable":true,"href":"https:\/\/perdifly.com\/index.php\/wp-json\/wp\/v2\/product_tag?post=1976"}],"curies":[{"name":"wp","href":"https:\/\/api.w.org\/{rel}","templated":true}]}}