{"id":1945,"date":"2024-12-26T11:10:00","date_gmt":"2024-12-26T10:10:00","guid":{"rendered":"https:\/\/perdifly.com\/?post_type=product&#038;p=1945"},"modified":"2024-12-26T11:13:42","modified_gmt":"2024-12-26T10:13:42","slug":"gnat","status":"publish","type":"product","link":"https:\/\/perdifly.com\/index.php\/produit\/gnat\/","title":{"rendered":"Gnat"},"content":{"rendered":"<ul>\n<li>Hame\u00e7on\u00a0 Droit Ahrex FW503<\/li>\n<li>Dubbing antron noir<\/li>\n<li>Hackle en coq grizzly<\/li>\n<li>Toupet en antron fluo<\/li>\n<li>Fil de montage noir<\/li>\n<\/ul>\n<p>&nbsp;<\/p>\n","protected":false},"excerpt":{"rendered":"<p>C\u2019est au cours d\u2019un voyage en Norv\u00e8ge que j\u2019ai constat\u00e9 l\u2019efficacit\u00e9 du Gnat.<\/p>\n<p>Un petit toupet fluo a \u00e9t\u00e9 ajout\u00e9 pour faciliter la visibilit\u00e9.<\/p>\n<p>Il existe en\u00a0 3 tailles du 16 au 20<\/p>\n","protected":false},"featured_media":1948,"template":"","meta":{"neve_meta_sidebar":"","neve_meta_container":"","neve_meta_enable_content_width":"off","neve_meta_content_width":70,"neve_meta_title_alignment":"","neve_meta_author_avatar":"","neve_post_elements_order":"","neve_meta_disable_header":"","neve_meta_disable_footer":"","neve_meta_disable_title":"","_themeisle_gutenberg_block_has_review":false},"product_brand":[],"product_cat":[47],"product_tag":[],"class_list":{"0":"post-1945","1":"product","2":"type-product","3":"status-publish","4":"has-post-thumbnail","6":"product_cat-seche","8":"first","9":"instock","10":"taxable","11":"shipping-taxable","12":"purchasable","13":"product-type-variable"},"_links":{"self":[{"href":"https:\/\/perdifly.com\/index.php\/wp-json\/wp\/v2\/product\/1945","targetHints":{"allow":["GET"]}}],"collection":[{"href":"https:\/\/perdifly.com\/index.php\/wp-json\/wp\/v2\/product"}],"about":[{"href":"https:\/\/perdifly.com\/index.php\/wp-json\/wp\/v2\/types\/product"}],"wp:featuredmedia":[{"embeddable":true,"href":"https:\/\/perdifly.com\/index.php\/wp-json\/wp\/v2\/media\/1948"}],"wp:attachment":[{"href":"https:\/\/perdifly.com\/index.php\/wp-json\/wp\/v2\/media?parent=1945"}],"wp:term":[{"taxonomy":"product_brand","embeddable":true,"href":"https:\/\/perdifly.com\/index.php\/wp-json\/wp\/v2\/product_brand?post=1945"},{"taxonomy":"product_cat","embeddable":true,"href":"https:\/\/perdifly.com\/index.php\/wp-json\/wp\/v2\/product_cat?post=1945"},{"taxonomy":"product_tag","embeddable":true,"href":"https:\/\/perdifly.com\/index.php\/wp-json\/wp\/v2\/product_tag?post=1945"}],"curies":[{"name":"wp","href":"https:\/\/api.w.org\/{rel}","templated":true}]}}