{"id":1883,"date":"2024-11-30T11:05:33","date_gmt":"2024-11-30T10:05:33","guid":{"rendered":"https:\/\/perdifly.com\/?post_type=product&#038;p=1883"},"modified":"2024-12-28T11:21:47","modified_gmt":"2024-12-28T10:21:47","slug":"crazy-charlie-blanche","status":"publish","type":"product","link":"https:\/\/perdifly.com\/index.php\/produit\/crazy-charlie-blanche\/","title":{"rendered":"Crazy charlie blanche"},"content":{"rendered":"<ul>\n<li>Hame\u00e7on :\u00a0 \u00a0Ahrex SA<\/li>\n<li>Yeux:\u00a0 \u00a0Chainette argent\u00e9<\/li>\n<li>Sous corp : tynsel holographique<\/li>\n<li>Corp : vinyl rib clear<\/li>\n<li>Toupet:\u00a0 Veau blanc<\/li>\n<li>Fil : veevus GPS blanc<\/li>\n<\/ul>\n","protected":false},"excerpt":{"rendered":"<p>La crazy charlie est une r\u00e9f\u00e9rence pour la p\u00eache des poissons de mer.<\/p>\n<p>Ce mod\u00e8le librement inspir\u00e9 d&rsquo;un montage\u00a0 de Barry Ord Clarke est tr\u00e8s efficace\u00a0 sur les bonefishs et les triggerfish des eaux tropicale. les bars des cotes fran\u00e7aise n&rsquo;y sont pas non plus insensible.<\/p>\n<p>Ce mod\u00e8le existe en 3 taille du h4-h8<\/p>\n<p>&nbsp;<\/p>\n","protected":false},"featured_media":1896,"template":"","meta":{"neve_meta_sidebar":"","neve_meta_container":"","neve_meta_enable_content_width":"off","neve_meta_content_width":70,"neve_meta_title_alignment":"","neve_meta_author_avatar":"","neve_post_elements_order":"","neve_meta_disable_header":"","neve_meta_disable_footer":"","neve_meta_disable_title":"","_themeisle_gutenberg_block_has_review":false},"product_brand":[],"product_cat":[95],"product_tag":[],"class_list":{"0":"post-1883","1":"product","2":"type-product","3":"status-publish","4":"has-post-thumbnail","6":"product_cat-exotique-mer","8":"first","9":"instock","10":"taxable","11":"shipping-taxable","12":"purchasable","13":"product-type-variable"},"_links":{"self":[{"href":"https:\/\/perdifly.com\/index.php\/wp-json\/wp\/v2\/product\/1883","targetHints":{"allow":["GET"]}}],"collection":[{"href":"https:\/\/perdifly.com\/index.php\/wp-json\/wp\/v2\/product"}],"about":[{"href":"https:\/\/perdifly.com\/index.php\/wp-json\/wp\/v2\/types\/product"}],"wp:featuredmedia":[{"embeddable":true,"href":"https:\/\/perdifly.com\/index.php\/wp-json\/wp\/v2\/media\/1896"}],"wp:attachment":[{"href":"https:\/\/perdifly.com\/index.php\/wp-json\/wp\/v2\/media?parent=1883"}],"wp:term":[{"taxonomy":"product_brand","embeddable":true,"href":"https:\/\/perdifly.com\/index.php\/wp-json\/wp\/v2\/product_brand?post=1883"},{"taxonomy":"product_cat","embeddable":true,"href":"https:\/\/perdifly.com\/index.php\/wp-json\/wp\/v2\/product_cat?post=1883"},{"taxonomy":"product_tag","embeddable":true,"href":"https:\/\/perdifly.com\/index.php\/wp-json\/wp\/v2\/product_tag?post=1883"}],"curies":[{"name":"wp","href":"https:\/\/api.w.org\/{rel}","templated":true}]}}