{"id":1832,"date":"2024-11-06T17:42:31","date_gmt":"2024-11-06T16:42:31","guid":{"rendered":"https:\/\/perdifly.com\/?post_type=product&#038;p=1832"},"modified":"2025-10-05T11:20:31","modified_gmt":"2025-10-05T09:20:31","slug":"gammare","status":"publish","type":"product","link":"https:\/\/perdifly.com\/index.php\/produit\/gammare\/","title":{"rendered":"Gammare li\u00e8vre gris"},"content":{"rendered":"<ul>\n<li>Hame\u00e7on : Ahrex FW511 ( \u00e9quivalent TMC 2499)<\/li>\n<li>Plomb : 10 tour fil plomb<\/li>\n<li>Carapace : Bodystretch 3mm<\/li>\n<li>Corps: dubbing\u00a0 de li\u00e8vre \u00ab\u00a0maison\u00a0\u00bb<\/li>\n<li>Fil : Vevuss 16\/0<\/li>\n<li>vernis: UV Varnish Gulff<\/li>\n<\/ul>\n","protected":false},"excerpt":{"rendered":"<p>Le gammare est un incontournable de la p\u00e8che en nymphe.<\/p>\n<p>Ici r\u00e9alis\u00e9 avec des pattes en poil de li\u00e8vre et une carapace en bodystrech , chaque gammare est lest\u00e9 avec du plomb<\/p>\n<ul>\n<li>10 tours de fil\u00a0 en 0.3mm pour la taille 14<\/li>\n<li>10 tours de fil en\u00a0 0.2mm pour la taille 16<\/li>\n<\/ul>\n<p>Il est disponible en deux tailles 14 ou 16.<\/p>\n","protected":false},"featured_media":1084,"template":"","meta":{"neve_meta_sidebar":"","neve_meta_container":"","neve_meta_enable_content_width":"off","neve_meta_content_width":70,"neve_meta_title_alignment":"","neve_meta_author_avatar":"","neve_post_elements_order":"","neve_meta_disable_header":"","neve_meta_disable_footer":"","neve_meta_disable_title":"","_themeisle_gutenberg_block_has_review":false},"product_brand":[],"product_cat":[135],"product_tag":[],"class_list":{"0":"post-1832","1":"product","2":"type-product","3":"status-publish","4":"has-post-thumbnail","6":"product_cat-gammares","8":"first","9":"instock","10":"taxable","11":"shipping-taxable","12":"purchasable","13":"product-type-variable"},"_links":{"self":[{"href":"https:\/\/perdifly.com\/index.php\/wp-json\/wp\/v2\/product\/1832","targetHints":{"allow":["GET"]}}],"collection":[{"href":"https:\/\/perdifly.com\/index.php\/wp-json\/wp\/v2\/product"}],"about":[{"href":"https:\/\/perdifly.com\/index.php\/wp-json\/wp\/v2\/types\/product"}],"wp:featuredmedia":[{"embeddable":true,"href":"https:\/\/perdifly.com\/index.php\/wp-json\/wp\/v2\/media\/1084"}],"wp:attachment":[{"href":"https:\/\/perdifly.com\/index.php\/wp-json\/wp\/v2\/media?parent=1832"}],"wp:term":[{"taxonomy":"product_brand","embeddable":true,"href":"https:\/\/perdifly.com\/index.php\/wp-json\/wp\/v2\/product_brand?post=1832"},{"taxonomy":"product_cat","embeddable":true,"href":"https:\/\/perdifly.com\/index.php\/wp-json\/wp\/v2\/product_cat?post=1832"},{"taxonomy":"product_tag","embeddable":true,"href":"https:\/\/perdifly.com\/index.php\/wp-json\/wp\/v2\/product_tag?post=1832"}],"curies":[{"name":"wp","href":"https:\/\/api.w.org\/{rel}","templated":true}]}}