{"id":1762,"date":"2024-11-03T22:51:42","date_gmt":"2024-11-03T21:51:42","guid":{"rendered":"https:\/\/perdifly.com\/?post_type=product&#038;p=1762"},"modified":"2025-08-03T21:51:08","modified_gmt":"2025-08-03T19:51:08","slug":"pale-morning-dun","status":"publish","type":"product","link":"https:\/\/perdifly.com\/index.php\/produit\/pale-morning-dun\/","title":{"rendered":"Bi AIles PMD"},"content":{"rendered":"<ul>\n<li>Hame\u00e7on Ahrex FW503<\/li>\n<li>Cerques en Pardo<\/li>\n<li>Corps en dubbing antron jaune pale PMD<\/li>\n<li>Dubbing antron jaune pale PMD<\/li>\n<li>Ailes en CDC sauvage<\/li>\n<li>Tag en polyfloss orange<\/li>\n<\/ul>\n<p>&nbsp;<\/p>\n","protected":false},"excerpt":{"rendered":"<p>Cette mouche s\u2019av\u00e8re \u00eatre une imitation tr\u00e8s efficace d\u2019Imago jaune \u00e0 ailes claires\u00a0 ( PMD) que l&rsquo;on retrouve en p\u00e9riode estivale dans une grande majorit\u00e9 de nos rivi\u00e8res.<\/p>\n<p>Disponible en trois tailles du 14 au 18<\/p>\n<p>&nbsp;<\/p>\n","protected":false},"featured_media":2633,"template":"","meta":{"neve_meta_sidebar":"","neve_meta_container":"","neve_meta_enable_content_width":"off","neve_meta_content_width":70,"neve_meta_title_alignment":"","neve_meta_author_avatar":"","neve_post_elements_order":"","neve_meta_disable_header":"","neve_meta_disable_footer":"","neve_meta_disable_title":"","_themeisle_gutenberg_block_has_review":false},"product_brand":[],"product_cat":[47],"product_tag":[],"class_list":{"0":"post-1762","1":"product","2":"type-product","3":"status-publish","4":"has-post-thumbnail","6":"product_cat-seche","8":"first","9":"instock","10":"taxable","11":"shipping-taxable","12":"purchasable","13":"product-type-variable"},"_links":{"self":[{"href":"https:\/\/perdifly.com\/index.php\/wp-json\/wp\/v2\/product\/1762","targetHints":{"allow":["GET"]}}],"collection":[{"href":"https:\/\/perdifly.com\/index.php\/wp-json\/wp\/v2\/product"}],"about":[{"href":"https:\/\/perdifly.com\/index.php\/wp-json\/wp\/v2\/types\/product"}],"wp:featuredmedia":[{"embeddable":true,"href":"https:\/\/perdifly.com\/index.php\/wp-json\/wp\/v2\/media\/2633"}],"wp:attachment":[{"href":"https:\/\/perdifly.com\/index.php\/wp-json\/wp\/v2\/media?parent=1762"}],"wp:term":[{"taxonomy":"product_brand","embeddable":true,"href":"https:\/\/perdifly.com\/index.php\/wp-json\/wp\/v2\/product_brand?post=1762"},{"taxonomy":"product_cat","embeddable":true,"href":"https:\/\/perdifly.com\/index.php\/wp-json\/wp\/v2\/product_cat?post=1762"},{"taxonomy":"product_tag","embeddable":true,"href":"https:\/\/perdifly.com\/index.php\/wp-json\/wp\/v2\/product_tag?post=1762"}],"curies":[{"name":"wp","href":"https:\/\/api.w.org\/{rel}","templated":true}]}}