{"id":1712,"date":"2024-10-22T16:45:37","date_gmt":"2024-10-22T14:45:37","guid":{"rendered":"https:\/\/perdifly.com\/?post_type=product&#038;p=1712"},"modified":"2025-12-31T11:55:36","modified_gmt":"2025-12-31T10:55:36","slug":"fourmis","status":"publish","type":"product","link":"https:\/\/perdifly.com\/index.php\/produit\/fourmis\/","title":{"rendered":"Fourmi"},"content":{"rendered":"<ul>\n<li>Hame\u00e7on\u00a0 Ahrex FW503<\/li>\n<li>Corps : Colle fondu de couleur noir<\/li>\n<li>Collerette : hackle de coq grizzly<\/li>\n<li>Aile : CDC blanc<\/li>\n<\/ul>\n","protected":false},"excerpt":{"rendered":"<p>Cette petite fourmi au proportion g\u00e9n\u00e9reuse nous vient des Balkans. Elle est v\u00e9ritablement aimant \u00e0 poisson.<\/p>\n<p>Elle est\u00a0 disponible de la taille 12 au 20<\/p>\n","protected":false},"featured_media":1260,"template":"","meta":{"neve_meta_sidebar":"","neve_meta_container":"","neve_meta_enable_content_width":"off","neve_meta_content_width":70,"neve_meta_title_alignment":"","neve_meta_author_avatar":"","neve_post_elements_order":"","neve_meta_disable_header":"","neve_meta_disable_footer":"","neve_meta_disable_title":"","_themeisle_gutenberg_block_has_review":false},"product_brand":[],"product_cat":[47],"product_tag":[],"class_list":{"0":"post-1712","1":"product","2":"type-product","3":"status-publish","4":"has-post-thumbnail","6":"product_cat-seche","8":"first","9":"instock","10":"taxable","11":"shipping-taxable","12":"purchasable","13":"product-type-variable"},"_links":{"self":[{"href":"https:\/\/perdifly.com\/index.php\/wp-json\/wp\/v2\/product\/1712","targetHints":{"allow":["GET"]}}],"collection":[{"href":"https:\/\/perdifly.com\/index.php\/wp-json\/wp\/v2\/product"}],"about":[{"href":"https:\/\/perdifly.com\/index.php\/wp-json\/wp\/v2\/types\/product"}],"wp:featuredmedia":[{"embeddable":true,"href":"https:\/\/perdifly.com\/index.php\/wp-json\/wp\/v2\/media\/1260"}],"wp:attachment":[{"href":"https:\/\/perdifly.com\/index.php\/wp-json\/wp\/v2\/media?parent=1712"}],"wp:term":[{"taxonomy":"product_brand","embeddable":true,"href":"https:\/\/perdifly.com\/index.php\/wp-json\/wp\/v2\/product_brand?post=1712"},{"taxonomy":"product_cat","embeddable":true,"href":"https:\/\/perdifly.com\/index.php\/wp-json\/wp\/v2\/product_cat?post=1712"},{"taxonomy":"product_tag","embeddable":true,"href":"https:\/\/perdifly.com\/index.php\/wp-json\/wp\/v2\/product_tag?post=1712"}],"curies":[{"name":"wp","href":"https:\/\/api.w.org\/{rel}","templated":true}]}}