{"id":131,"date":"2024-03-01T21:21:47","date_gmt":"2024-03-01T20:21:47","guid":{"rendered":"https:\/\/perdifly.com\/?post_type=product&#038;p=131"},"modified":"2025-10-29T11:18:31","modified_gmt":"2025-10-29T10:18:31","slug":"black-pheasant-tail","status":"publish","type":"product","link":"https:\/\/perdifly.com\/index.php\/produit\/black-pheasant-tail\/","title":{"rendered":"NAF Black Perditail"},"content":{"rendered":"<p><img loading=\"lazy\" decoding=\"async\" class=\"size-medium wp-image-2827 alignleft\" src=\"https:\/\/perdifly.com\/wp-content\/uploads\/2024\/03\/Capture-perditail-black-300x241.png\" alt=\"\" width=\"300\" height=\"241\" srcset=\"https:\/\/perdifly.com\/wp-content\/uploads\/2024\/03\/Capture-perditail-black-300x241.png 300w, https:\/\/perdifly.com\/wp-content\/uploads\/2024\/03\/Capture-perditail-black.png 530w\" sizes=\"auto, (max-width: 300px) 100vw, 300px\" \/><\/p>\n<p>&nbsp;<\/p>\n<ul>\n<li>Hame\u00e7on : JIG BL<\/li>\n<li>Bille : cuivre\u00a0 tungsten fendu<\/li>\n<li>Corps :faisan noir<\/li>\n<li>Cerques : faisan noir<\/li>\n<li>Fil :\u00a0 Noir<\/li>\n<li>Cerclage: Rouge<\/li>\n<\/ul>\n","protected":false},"excerpt":{"rendered":"<p>D\u00e9clinaison tr\u00e8s personnelle d&rsquo;une pheasant tail \u00e0 corps noir<br \/>\nPour moi, une indispensable de la nymphe\u00a0 au fil et du toc nymphe<\/p>\n<p>Existe dans les d\u00e9clinaison suivantes:<\/p>\n<ul>\n<li>Hame\u00e7on Jig taille 12 bille 3,5 ou 4mm<\/li>\n<li>Hame\u00e7on Jig taille 14 bille 3 ou\u00a0 3,5mm<\/li>\n<li>Hame\u00e7on Jig taille 16 bille 2.5 ou\u00a0 3mm<\/li>\n<li>Hame\u00e7on Jig taille 18 bille 2.5 mm<\/li>\n<\/ul>\n","protected":false},"featured_media":2828,"template":"","meta":{"neve_meta_sidebar":"","neve_meta_container":"","neve_meta_enable_content_width":"off","neve_meta_content_width":70,"neve_meta_title_alignment":"","neve_meta_author_avatar":"","neve_post_elements_order":"","neve_meta_disable_header":"","neve_meta_disable_footer":"","neve_meta_disable_title":"","_themeisle_gutenberg_block_has_review":false},"product_brand":[],"product_cat":[69],"product_tag":[],"class_list":{"0":"post-131","1":"product","2":"type-product","3":"status-publish","4":"has-post-thumbnail","6":"product_cat-naf","8":"first","9":"instock","10":"taxable","11":"shipping-taxable","12":"purchasable","13":"product-type-variable"},"_links":{"self":[{"href":"https:\/\/perdifly.com\/index.php\/wp-json\/wp\/v2\/product\/131","targetHints":{"allow":["GET"]}}],"collection":[{"href":"https:\/\/perdifly.com\/index.php\/wp-json\/wp\/v2\/product"}],"about":[{"href":"https:\/\/perdifly.com\/index.php\/wp-json\/wp\/v2\/types\/product"}],"wp:featuredmedia":[{"embeddable":true,"href":"https:\/\/perdifly.com\/index.php\/wp-json\/wp\/v2\/media\/2828"}],"wp:attachment":[{"href":"https:\/\/perdifly.com\/index.php\/wp-json\/wp\/v2\/media?parent=131"}],"wp:term":[{"taxonomy":"product_brand","embeddable":true,"href":"https:\/\/perdifly.com\/index.php\/wp-json\/wp\/v2\/product_brand?post=131"},{"taxonomy":"product_cat","embeddable":true,"href":"https:\/\/perdifly.com\/index.php\/wp-json\/wp\/v2\/product_cat?post=131"},{"taxonomy":"product_tag","embeddable":true,"href":"https:\/\/perdifly.com\/index.php\/wp-json\/wp\/v2\/product_tag?post=131"}],"curies":[{"name":"wp","href":"https:\/\/api.w.org\/{rel}","templated":true}]}}