{"id":1287,"date":"2025-07-01T18:05:09","date_gmt":"2025-07-01T16:05:09","guid":{"rendered":"https:\/\/perdifly.com\/?post_type=product&#038;p=1287"},"modified":"2025-08-03T21:15:37","modified_gmt":"2025-08-03T19:15:37","slug":"bi-ailes-2","status":"publish","type":"product","link":"https:\/\/perdifly.com\/index.php\/produit\/bi-ailes-2\/","title":{"rendered":"Bi Ailes +"},"content":{"rendered":"<ul>\n<li>Hame\u00e7on Droit TMC 100 SP<\/li>\n<li>Cerques :\u00a0 Pardo<\/li>\n<li>Corps : substitut de condor<\/li>\n<li>Pattes : dubbing<\/li>\n<li>Ailes : CDC sauvage<\/li>\n<li>Tag: polyfloss<\/li>\n<\/ul>\n","protected":false},"excerpt":{"rendered":"<p>La Bi Ailes + est une imitation\u00a0 d&rsquo;ensemble d&rsquo;une \u00e9ph\u00e9m\u00e8re \u00e0 son stade d&rsquo;imago.<\/p>\n<p>Tr\u00e8s pris\u00e9 des truites comme des p\u00eacheurs, ce mod\u00e8le est dot\u00e9 de 4 plumes en CDC pour assurer la meilleure flottaison possible et le corps est en\u00a0 fibre de substitut de condor.<\/p>\n<p>Disponible en 3 tailles du 12 au 16 pour les couleurs ci-dessous:<\/p>\n<ul>\n<li>Olive<\/li>\n<li>Olive clair<\/li>\n<li>Jaune ( nouveaut\u00e9)<\/li>\n<li>Rouge ( nouveaut\u00e9)<\/li>\n<\/ul>\n<p>&nbsp;<\/p>\n","protected":false},"featured_media":575,"template":"","meta":{"neve_meta_sidebar":"","neve_meta_container":"","neve_meta_enable_content_width":"off","neve_meta_content_width":70,"neve_meta_title_alignment":"","neve_meta_author_avatar":"","neve_post_elements_order":"","neve_meta_disable_header":"","neve_meta_disable_footer":"","neve_meta_disable_title":"","_themeisle_gutenberg_block_has_review":false},"product_brand":[],"product_cat":[47],"product_tag":[],"class_list":{"0":"post-1287","1":"product","2":"type-product","3":"status-publish","4":"has-post-thumbnail","6":"product_cat-seche","8":"first","9":"instock","10":"taxable","11":"shipping-taxable","12":"purchasable","13":"product-type-variable"},"_links":{"self":[{"href":"https:\/\/perdifly.com\/index.php\/wp-json\/wp\/v2\/product\/1287","targetHints":{"allow":["GET"]}}],"collection":[{"href":"https:\/\/perdifly.com\/index.php\/wp-json\/wp\/v2\/product"}],"about":[{"href":"https:\/\/perdifly.com\/index.php\/wp-json\/wp\/v2\/types\/product"}],"wp:featuredmedia":[{"embeddable":true,"href":"https:\/\/perdifly.com\/index.php\/wp-json\/wp\/v2\/media\/575"}],"wp:attachment":[{"href":"https:\/\/perdifly.com\/index.php\/wp-json\/wp\/v2\/media?parent=1287"}],"wp:term":[{"taxonomy":"product_brand","embeddable":true,"href":"https:\/\/perdifly.com\/index.php\/wp-json\/wp\/v2\/product_brand?post=1287"},{"taxonomy":"product_cat","embeddable":true,"href":"https:\/\/perdifly.com\/index.php\/wp-json\/wp\/v2\/product_cat?post=1287"},{"taxonomy":"product_tag","embeddable":true,"href":"https:\/\/perdifly.com\/index.php\/wp-json\/wp\/v2\/product_tag?post=1287"}],"curies":[{"name":"wp","href":"https:\/\/api.w.org\/{rel}","templated":true}]}}