{"id":1256,"date":"2025-06-14T11:28:03","date_gmt":"2025-06-14T09:28:03","guid":{"rendered":"https:\/\/perdifly.com\/?post_type=product&#038;p=1256"},"modified":"2025-08-04T22:02:22","modified_gmt":"2025-08-04T20:02:22","slug":"boite-bosnie-automne-escape-fly-fishing","status":"publish","type":"product","link":"https:\/\/perdifly.com\/index.php\/produit\/boite-bosnie-automne-escape-fly-fishing\/","title":{"rendered":"Boite Bosnie automne Escape Fly fishing"},"content":{"rendered":"<p>La composition de nos packs :<\/p>\n<ul>\n<li><strong>Pack essentiel,\u00a0 24 mouches s\u00e8ches et \u00e9mergentes<\/strong> : 3 Shuttlecock taille 18, 3 Shuttlecock taille 18, \u00a03Voiliers taille 18, 3 Bi ailes taille 18, 3 Bi ailes taille 20, 3 Spent rouge taille 18,\u00a0 3 li\u00e8vre &amp; cdc 18, 3 li\u00e8vre &amp; cdc 20<\/li>\n<\/ul>\n<p>&nbsp;<\/p>\n<ul>\n<li><strong>Pack toutes situations, 42 mouches s\u00e8ches et \u00e9mergentes<\/strong> : 3 Shuttlecock taille 18, 3 Shuttlecock taille 18, \u00a03 Voiliers taille 18, 3 Voiliers taille 20, 3 Bi ailes taille 18, 3 Bi ailes taille 20,3 parachute jaune pale taille 18, 3 parachute jaune pale taille 20,\u00a0 3 Spent rouge taille 18,\u00a0 3 li\u00e8vre &amp; cdc 18, 3 li\u00e8vre &amp; cdc 20, 3 sedge rabolio, 3 emerger olive 18, 3 Sedges Elk hair 16<\/li>\n<\/ul>\n<p>&nbsp;<\/p>\n<ul>\n<li><strong>Pack nymphe,\u00a0 27 nymphes : <\/strong>3 Boro nymphe taille 18, 3 boro nymphe taille 20, 3 pheasant tail taille 18, 3 pheasant tail taille 20, 3 nymphe chocolat taille 18, 3 nymphe chocolat taille 20, 3 gammares Raboliot taille 14, 3 nymphes tricopt\u00e8re taille 14, 3 gammares slov\u00e8ne taille 16<\/li>\n<\/ul>\n","protected":false},"excerpt":{"rendered":"<p>Boite sp\u00e9cialement con\u00e7ue en partenariat Escape Fly Fishing pour la p\u00eache dans les balkans en automne<\/p>\n<p>3 assortiments sont \u00e0 votre disposition:<\/p>\n<ul>\n<li>Pack\u00a0 essentiel compos\u00e9e d&rsquo;un assortiment de 24 mouches s\u00e8ches et \u00e9mergentes<\/li>\n<li>Pack toutes situations compos\u00e9e d&rsquo;un assortiment de 42 mouches s\u00e8ches et \u00e9mergentes<\/li>\n<li>Pack nymphes compos\u00e9e d&rsquo;un assortiment de 27 nymphes<\/li>\n<\/ul>\n<p>La boite est offerte<\/p>\n<p>&nbsp;<\/p>\n","protected":false},"featured_media":1184,"template":"","meta":{"neve_meta_sidebar":"","neve_meta_container":"","neve_meta_enable_content_width":"off","neve_meta_content_width":70,"neve_meta_title_alignment":"","neve_meta_author_avatar":"","neve_post_elements_order":"","neve_meta_disable_header":"","neve_meta_disable_footer":"","neve_meta_disable_title":"","_themeisle_gutenberg_block_has_review":false},"product_brand":[],"product_cat":[128],"product_tag":[],"class_list":{"0":"post-1256","1":"product","2":"type-product","3":"status-publish","4":"has-post-thumbnail","6":"product_cat-bosnie","7":"product_shipping_class-colis","9":"first","10":"instock","11":"taxable","12":"shipping-taxable","13":"purchasable","14":"product-type-variable"},"_links":{"self":[{"href":"https:\/\/perdifly.com\/index.php\/wp-json\/wp\/v2\/product\/1256","targetHints":{"allow":["GET"]}}],"collection":[{"href":"https:\/\/perdifly.com\/index.php\/wp-json\/wp\/v2\/product"}],"about":[{"href":"https:\/\/perdifly.com\/index.php\/wp-json\/wp\/v2\/types\/product"}],"wp:featuredmedia":[{"embeddable":true,"href":"https:\/\/perdifly.com\/index.php\/wp-json\/wp\/v2\/media\/1184"}],"wp:attachment":[{"href":"https:\/\/perdifly.com\/index.php\/wp-json\/wp\/v2\/media?parent=1256"}],"wp:term":[{"taxonomy":"product_brand","embeddable":true,"href":"https:\/\/perdifly.com\/index.php\/wp-json\/wp\/v2\/product_brand?post=1256"},{"taxonomy":"product_cat","embeddable":true,"href":"https:\/\/perdifly.com\/index.php\/wp-json\/wp\/v2\/product_cat?post=1256"},{"taxonomy":"product_tag","embeddable":true,"href":"https:\/\/perdifly.com\/index.php\/wp-json\/wp\/v2\/product_tag?post=1256"}],"curies":[{"name":"wp","href":"https:\/\/api.w.org\/{rel}","templated":true}]}}