{"id":82,"date":"2020-08-15T18:03:50","date_gmt":"2020-08-15T16:03:50","guid":{"rendered":"https:\/\/perdifly.com\/?page_id=82"},"modified":"2025-02-08T10:49:52","modified_gmt":"2025-02-08T09:49:52","slug":"articles","status":"publish","type":"page","link":"https:\/\/perdifly.com\/index.php\/articles\/","title":{"rendered":"Blog"},"content":{"rendered":"\n\n\n<div class=\"su-posts su-posts-default-loop \">\n\n\t\n\t\t\t\t\t\n\t\t\t\n\t\t\t<div id=\"su-post-2356\" class=\"su-post \">\n\n\t\t\t\t\t\t\t\t\t<a class=\"su-post-thumbnail\" href=\"https:\/\/perdifly.com\/index.php\/2025\/04\/06\/mes-mouches-seches-pour-louverture-sur-les-gaves-pyreneens\/\"><img loading=\"lazy\" decoding=\"async\" width=\"2560\" height=\"1920\" src=\"https:\/\/perdifly.com\/wp-content\/uploads\/2025\/04\/PXL_20230519_125405715-scaled.jpg\" class=\"attachment-post-thumbnail size-post-thumbnail wp-post-image\" alt=\"\" srcset=\"https:\/\/perdifly.com\/wp-content\/uploads\/2025\/04\/PXL_20230519_125405715-scaled.jpg 2560w, https:\/\/perdifly.com\/wp-content\/uploads\/2025\/04\/PXL_20230519_125405715-300x225.jpg 300w, https:\/\/perdifly.com\/wp-content\/uploads\/2025\/04\/PXL_20230519_125405715-1024x768.jpg 1024w, https:\/\/perdifly.com\/wp-content\/uploads\/2025\/04\/PXL_20230519_125405715-768x576.jpg 768w, https:\/\/perdifly.com\/wp-content\/uploads\/2025\/04\/PXL_20230519_125405715-1536x1152.jpg 1536w, https:\/\/perdifly.com\/wp-content\/uploads\/2025\/04\/PXL_20230519_125405715-2048x1536.jpg 2048w, https:\/\/perdifly.com\/wp-content\/uploads\/2025\/04\/PXL_20230519_125405715-600x450.jpg 600w\" sizes=\"auto, (max-width: 2560px) 100vw, 2560px\" \/><\/a>\n\t\t\t\t\n\t\t\t\t<h2 class=\"su-post-title\"><a href=\"https:\/\/perdifly.com\/index.php\/2025\/04\/06\/mes-mouches-seches-pour-louverture-sur-les-gaves-pyreneens\/\">Mes mouches s\u00e8ches pour l&rsquo;ouverture sur les gaves pyr\u00e9n\u00e9ens<\/a><\/h2>\n\n\t\t\t\t<div class=\"su-post-meta\">\n\t\t\t\t\tPubli\u00e9: 6 avril 2025\t\t\t\t<\/div>\n\n\t\t\t\t<div class=\"su-post-excerpt\">\n\t\t\t\t\t<p>L&rsquo;ouverture de la truite est vraiment une p\u00e9riode \u00e0 part enti\u00e8re sur les gaves pyr\u00e9n\u00e9ens. L&rsquo;eau est froide, les \u00e9closions sont tr\u00e8s courtes, les poissons peu actifs mais pour autant c&rsquo;est la meilleure p\u00e9riode pour prendre les plus grosses truites en s\u00e8ches. C&rsquo;est peut \u00eatre paradoxal mais alors que la majorit\u00e9s des p\u00eacheurs p\u00eaches aux&hellip;&nbsp;<a href=\"https:\/\/perdifly.com\/index.php\/2025\/04\/06\/mes-mouches-seches-pour-louverture-sur-les-gaves-pyreneens\/\" rel=\"bookmark\">Lire la suite &raquo;<span class=\"screen-reader-text\">Mes mouches s\u00e8ches pour l&rsquo;ouverture sur les gaves pyr\u00e9n\u00e9ens<\/span><\/a><\/p>\n\t\t\t\t<\/div>\n\n\t\t\t\t\n\t\t\t<\/div>\n\n\t\t\t\t\t\n\t\t\t\n\t\t\t<div id=\"su-post-1664\" class=\"su-post \">\n\n\t\t\t\t\t\t\t\t\t<a class=\"su-post-thumbnail\" href=\"https:\/\/perdifly.com\/index.php\/2024\/10\/17\/mes-mouches-pour-la-dordogne-en-automne\/\"><img loading=\"lazy\" decoding=\"async\" width=\"2560\" height=\"1440\" src=\"https:\/\/perdifly.com\/wp-content\/uploads\/2024\/10\/PB080004-scaled.jpg\" class=\"attachment-post-thumbnail size-post-thumbnail wp-post-image\" alt=\"\" srcset=\"https:\/\/perdifly.com\/wp-content\/uploads\/2024\/10\/PB080004-scaled.jpg 2560w, https:\/\/perdifly.com\/wp-content\/uploads\/2024\/10\/PB080004-300x169.jpg 300w, https:\/\/perdifly.com\/wp-content\/uploads\/2024\/10\/PB080004-1024x576.jpg 1024w, https:\/\/perdifly.com\/wp-content\/uploads\/2024\/10\/PB080004-768x432.jpg 768w, https:\/\/perdifly.com\/wp-content\/uploads\/2024\/10\/PB080004-1536x864.jpg 1536w, https:\/\/perdifly.com\/wp-content\/uploads\/2024\/10\/PB080004-2048x1152.jpg 2048w, https:\/\/perdifly.com\/wp-content\/uploads\/2024\/10\/PB080004-600x338.jpg 600w\" sizes=\"auto, (max-width: 2560px) 100vw, 2560px\" \/><\/a>\n\t\t\t\t\n\t\t\t\t<h2 class=\"su-post-title\"><a href=\"https:\/\/perdifly.com\/index.php\/2024\/10\/17\/mes-mouches-pour-la-dordogne-en-automne\/\">Mes mouches pour la Dordogne en Automne<\/a><\/h2>\n\n\t\t\t\t<div class=\"su-post-meta\">\n\t\t\t\t\tPubli\u00e9: 17 octobre 2024\t\t\t\t<\/div>\n\n\t\t\t\t<div class=\"su-post-excerpt\">\n\t\t\t\t\t<p>L&rsquo;ombre est vraiment un poisson d&rsquo;exception que tout p\u00eacheur \u00e0 la mouche se doit de d\u00e9couvrir et p\u00eacher au moins une fois dans sa vie. D&rsquo;ailleurs la Dordogne, qu&rsquo;elle soit corr\u00e9zienne ou lotoise est sans doute le plus beau terrain de jeu pour pratiquer la p\u00eache de l&rsquo;ombre \u00e0 la mouche. Alors quand arrive l&rsquo;automne&hellip;&nbsp;<a href=\"https:\/\/perdifly.com\/index.php\/2024\/10\/17\/mes-mouches-pour-la-dordogne-en-automne\/\" rel=\"bookmark\">Lire la suite &raquo;<span class=\"screen-reader-text\">Mes mouches pour la Dordogne en Automne<\/span><\/a><\/p>\n\t\t\t\t<\/div>\n\n\t\t\t\t\n\t\t\t<\/div>\n\n\t\t\t\t\t\n\t\t\t\n\t\t\t<div id=\"su-post-48\" class=\"su-post \">\n\n\t\t\t\t\t\t\t\t\t<a class=\"su-post-thumbnail\" href=\"https:\/\/perdifly.com\/index.php\/2024\/09\/15\/selection-mouches-balkans-automne-2024\/\"><img loading=\"lazy\" decoding=\"async\" width=\"2560\" height=\"1920\" src=\"https:\/\/perdifly.com\/wp-content\/uploads\/2024\/09\/PXL_20230604_100602171-scaled.jpg\" class=\"attachment-post-thumbnail size-post-thumbnail wp-post-image\" alt=\"\" srcset=\"https:\/\/perdifly.com\/wp-content\/uploads\/2024\/09\/PXL_20230604_100602171-scaled.jpg 2560w, https:\/\/perdifly.com\/wp-content\/uploads\/2024\/09\/PXL_20230604_100602171-300x225.jpg 300w, https:\/\/perdifly.com\/wp-content\/uploads\/2024\/09\/PXL_20230604_100602171-1024x768.jpg 1024w, https:\/\/perdifly.com\/wp-content\/uploads\/2024\/09\/PXL_20230604_100602171-768x576.jpg 768w, https:\/\/perdifly.com\/wp-content\/uploads\/2024\/09\/PXL_20230604_100602171-1536x1152.jpg 1536w, https:\/\/perdifly.com\/wp-content\/uploads\/2024\/09\/PXL_20230604_100602171-2048x1536.jpg 2048w, https:\/\/perdifly.com\/wp-content\/uploads\/2024\/09\/PXL_20230604_100602171-600x450.jpg 600w\" sizes=\"auto, (max-width: 2560px) 100vw, 2560px\" \/><\/a>\n\t\t\t\t\n\t\t\t\t<h2 class=\"su-post-title\"><a href=\"https:\/\/perdifly.com\/index.php\/2024\/09\/15\/selection-mouches-balkans-automne-2024\/\">Quelles mouches pour les Balkans en Automne?<\/a><\/h2>\n\n\t\t\t\t<div class=\"su-post-meta\">\n\t\t\t\t\tPubli\u00e9: 15 septembre 2024\t\t\t\t<\/div>\n\n\t\t\t\t<div class=\"su-post-excerpt\">\n\t\t\t\t\t<p>C&rsquo;est une question que tout le monde se pose quand ont pr\u00e9pare un voyage de p\u00eache, quelles mouches prendre pour bien r\u00e9ussir mon voyage? . Pour vous aider dans la pr\u00e9paration de votre voyage de p\u00eache nous vous avons s\u00e9lectionn\u00e9es avec amis Eddie Egloff et Vincent abeillon de l&rsquo;agence Escape fly fishing &amp; Balkan \u00e9vasion&hellip;&nbsp;<a href=\"https:\/\/perdifly.com\/index.php\/2024\/09\/15\/selection-mouches-balkans-automne-2024\/\" rel=\"bookmark\">Lire la suite &raquo;<span class=\"screen-reader-text\">Quelles mouches pour les Balkans en Automne?<\/span><\/a><\/p>\n\t\t\t\t<\/div>\n\n\t\t\t\t\n\t\t\t<\/div>\n\n\t\t\n\t\n<\/div>\n\n\n\n\n<p><\/p>\n","protected":false},"excerpt":{"rendered":"","protected":false},"author":2,"featured_media":0,"parent":0,"menu_order":0,"comment_status":"closed","ping_status":"closed","template":"","meta":{"neve_meta_sidebar":"","neve_meta_container":"","neve_meta_enable_content_width":"","neve_meta_content_width":0,"neve_meta_title_alignment":"","neve_meta_author_avatar":"","neve_post_elements_order":"","neve_meta_disable_header":"","neve_meta_disable_footer":"","neve_meta_disable_title":"","_themeisle_gutenberg_block_has_review":false,"footnotes":""},"class_list":["post-82","page","type-page","status-publish","hentry"],"_links":{"self":[{"href":"https:\/\/perdifly.com\/index.php\/wp-json\/wp\/v2\/pages\/82","targetHints":{"allow":["GET"]}}],"collection":[{"href":"https:\/\/perdifly.com\/index.php\/wp-json\/wp\/v2\/pages"}],"about":[{"href":"https:\/\/perdifly.com\/index.php\/wp-json\/wp\/v2\/types\/page"}],"author":[{"embeddable":true,"href":"https:\/\/perdifly.com\/index.php\/wp-json\/wp\/v2\/users\/2"}],"replies":[{"embeddable":true,"href":"https:\/\/perdifly.com\/index.php\/wp-json\/wp\/v2\/comments?post=82"}],"version-history":[{"count":13,"href":"https:\/\/perdifly.com\/index.php\/wp-json\/wp\/v2\/pages\/82\/revisions"}],"predecessor-version":[{"id":2351,"href":"https:\/\/perdifly.com\/index.php\/wp-json\/wp\/v2\/pages\/82\/revisions\/2351"}],"wp:attachment":[{"href":"https:\/\/perdifly.com\/index.php\/wp-json\/wp\/v2\/media?parent=82"}],"curies":[{"name":"wp","href":"https:\/\/api.w.org\/{rel}","templated":true}]}}