{"id":563,"date":"2024-03-10T17:26:09","date_gmt":"2024-03-10T16:26:09","guid":{"rendered":"https:\/\/perdifly.com\/?page_id=563"},"modified":"2025-07-03T15:55:07","modified_gmt":"2025-07-03T13:55:07","slug":"cgv","status":"publish","type":"page","link":"https:\/\/perdifly.com\/index.php\/cgv\/","title":{"rendered":"CGV"},"content":{"rendered":"\n<h1 class=\"wp-block-heading\">Conditions G\u00e9n\u00e9rales de Vente<\/h1>\n\n\n\n<p>Les pr\u00e9sentes conditions de vente sont conclues d\u2019une part par la soci\u00e9t\u00e9 CSM Factory&nbsp; marque page, et d\u2019autre part, par toute personne physique ou morale d\u00e9nomm\u00e9e ci-apr\u00e8s l\u2019acheteur souhaitant proc\u00e9der \u00e0 un achat via le site Internet Perfifly.com .<\/p>\n\n\n\n<h3 class=\"wp-block-heading\">Identification du vendeur<\/h3>\n\n\n\n<p>CSM factory  au capital de 1 000 EUR \u2013 SIRET: <strong>984 943 076 00013<\/strong> \u2013 RCS Tarbes \u2013 <\/p>\n\n\n\n<p>Immatriculation au RCS de Tarbes <\/p>\n\n\n\n<p>N\u00b0 de TVA intracommunautaire:   <strong>FR11984943076<\/strong><\/p>\n\n\n\n<p>SASU Saint-Martin C\u00e9dric G\u00e9rard<\/p>\n\n\n\n<p>t\u00e9l : 06 08 10 25 53<br>Email : Contact@perdifly.com<\/p>\n\n\n\n<p>Si\u00e8ge social<strong> : <\/strong>15 route d&rsquo;aucun 65400 Bun <\/p>\n\n\n\n<p>Objet<\/p>\n\n\n\n<p>Les pr\u00e9sentes conditions de vente visent \u00e0 d\u00e9finir les relations contractuelles entre la soci\u00e9t\u00e9 CSM Factory et l\u2019acheteur et les conditions applicables \u00e0 tout achat effectu\u00e9 par le biais du site marchand www. perdifly.com que l\u2019acheteur soit professionnel ou consommateur.<\/p>\n\n\n\n<p>L\u2019acquisition d\u2019un bien \u00e0 travers le pr\u00e9sent site implique une acceptation sans r\u00e9serve par l\u2019acheteur des pr\u00e9sentes conditions de vente.<\/p>\n\n\n\n<p>Ces conditions de vente pr\u00e9vaudront sur toutes conditions g\u00e9n\u00e9rales ou particuli\u00e8res non express\u00e9ment agr\u00e9\u00e9es par la soci\u00e9t\u00e9 CSM Factory<\/p>\n\n\n\n<p>La soci\u00e9t\u00e9 CSM Factory se r\u00e9serve de pouvoir modifier ses conditions de vente \u00e0 tout moment. Dans ce cas, les conditions applicables seront celles en vigueur sur www. Perdifly.com \u00e0 la date de la commande pass\u00e9e par l\u2019acheteur.<\/p>\n\n\n\n<p>Il est entendu que les personnes consid\u00e9r\u00e9es juridiquement incapables de contracter au sens des articles 1123 et suivants du Code Civil, notamment les enfants mineurs non \u00e9mancip\u00e9s, devront obligatoirement obtenir l\u2019autorisation de leur repr\u00e9sentant l\u00e9gal pr\u00e9alablement \u00e0 toute commande.<br>Caract\u00e9ristiques des biens propos\u00e9s<\/p>\n\n\n\n<p>Les produits propos\u00e9s sont ceux qui figurent dans le catalogue publi\u00e9 dans le site www.perdifly.com<\/p>\n\n\n\n<p>Ces produits sont propos\u00e9s dans la limite des stocks disponibles. En cas de commande d\u2019un produit devenu indisponible, l\u2019acheteur sera inform\u00e9 de cette indisponibilit\u00e9 par courrier \u00e9lectronique. Il lui sera alors possible de remplacer l\u2019article \u00e9puis\u00e9 par un autre article disponible dont le prix est le m\u00eame que celui de l\u2019article manquant.<\/p>\n\n\n\n<p>Les caract\u00e9ristiques des produits propos\u00e9s \u00e0 la vente sont pr\u00e9sent\u00e9es sur les fiches produits.<\/p>\n\n\n\n<p>La responsabilit\u00e9 la soci\u00e9t\u00e9 CSM Facroy ne peut \u00eatre engag\u00e9e si des erreurs s\u2019y sont introduites.<\/p>\n\n\n\n<p>Les photographies n\u2019entrent pas dans le champ contractuel. Les photographies du catalogue sont les plus fid\u00e8les possibles mais ne peuvent assurer une similitude parfaite avec le produit propos\u00e9, notamment en ce qui concerne les couleurs.<\/p>\n\n\n\n<h3 class=\"wp-block-heading\">Tarifs<\/h3>\n\n\n\n<p>Les prix figurant dans le catalogue sont des prix en euros toutes taxes comprises, hors frais de port.<\/p>\n\n\n\n<p>La soci\u00e9t\u00e9 CSM Factory se r\u00e9serve le droit de modifier ses prix \u00e0 tout moment, \u00e9tant toutefois entendu que le prix figurant au catalogue le jour de la commande sera le seul applicable \u00e0 l\u2019acheteur.<\/p>\n\n\n\n<p>Les frais de port sont pr\u00e9cis\u00e9s lors de la s\u00e9lection d\u2019un produit par l\u2019acheteur et apparaissent sur l\u2019\u00e9cran \u00e0 la fin de la s\u00e9lection des diff\u00e9rents produits par l\u2019acheteur.<\/p>\n\n\n\n<p>L\u2019acheteur, qui souhaite acheter un produit doit obligatoirement :<br>\u2013 remplir la fiche d\u2019identification sur laquelle il indiquera toutes les coordonn\u00e9es demand\u00e9es ou donner son num\u00e9ro de client s\u2019il en a un;<br>\u2013 remplir le bon de commande en ligne en donnant toutes les r\u00e9f\u00e9rences des produits choisis;<br>\u2013 valider sa commande apr\u00e8s l\u2019avoir v\u00e9rifi\u00e9e;<br>\u2013 effectuer le paiement dans les conditions pr\u00e9vues;<br>\u2013 confirmer sa commande et son r\u00e8glement.<\/p>\n\n\n\n<p>La confirmation de la commande entra\u00eene acceptation des pr\u00e9sentes conditions de vente, la reconnaissance d\u2019en avoir parfaite connaissance et la renonciation \u00e0 se pr\u00e9valoir de ses propres conditions d\u2019achat ou d\u2019autres conditions.<\/p>\n\n\n\n<p>L\u2019ensemble des donn\u00e9es fournies et la confirmation enregistr\u00e9e vaudront preuve de la transaction. La confirmation vaudra signature et acceptation des op\u00e9rations effectu\u00e9es.<\/p>\n\n\n\n<p>Le vendeur communiquera par courrier \u00e9lectronique confirmation de la commande enregistr\u00e9e.<br>R\u00e9tractation<\/p>\n\n\n\n<p>L\u2019acheteur, personne physique ou morale, b\u00e9n\u00e9ficie d\u2019un d\u00e9lais de r\u00e9tractation de sept jours \u00e0 compter de la livraison de leur commande pour faire retour du produit au vendeur pour \u00e9change ou remboursement sans p\u00e9nalit\u00e9, \u00e0 l\u2019exception des frais de retour qui restent \u00e0 la charge de l\u2019acheteur.<\/p>\n\n\n\n<h3 class=\"wp-block-heading\">Modalit\u00e9s de paiement<\/h3>\n\n\n\n<p>Le prix est exigible \u00e0 la commande.<\/p>\n\n\n\n<p>Les paiements seront effectu\u00e9s par carte bancaire ou virement bancaire<\/p>\n\n\n\n<p>Les paiements effectu\u00e9s \u00e0 l\u2019aide de votre carte bancaire sont totalement s\u00e9curis\u00e9s par la soci\u00e9t\u00e9 stripe , (http:\/\/www.stripe.com).<\/p>\n\n\n\n<p>La soci\u00e9t\u00e9 Stripe utilise le protocole SSL (secure Socket Layer) de telle sorte que les informations transmises sont crypt\u00e9es par un logiciel et qu\u2019aucun tiers ne peut en prendre connaissance au cours du transport sur le r\u00e9seau.<\/p>\n\n\n\n<h3 class=\"wp-block-heading\">Frais de port<\/h3>\n\n\n\n<p>Le montant des frais de livraison est indiqu\u00e9 dans le processus d\u2019achat et est soumis \u00e0 l\u2019approbation de l\u2019acheteur avant validation de chaque commande.<\/p>\n\n\n\n<p>Les frais d\u2019exp\u00e9dition comprennent l\u2019emballage, la manutention et les frais d&rsquo;envoi. Nous ne pouvons pas grouper deux commandes distinctes et vous devrez vous acquitter des frais de port pour chacune d\u2019entre elles. Votre colis est exp\u00e9di\u00e9 \u00e0 vos propres risques, un soin particulier est apport\u00e9 au colis contenant des produits fragiles..<\/p>\n\n\n\n<p>Les colis sont surdimensionn\u00e9s et prot\u00e9g\u00e9s.<\/p>\n\n\n\n<p> <strong> France m\u00e9tropolitaine :<\/strong><\/p>\n\n\n\n<ul class=\"wp-block-list\">\n<li>Lettre suivie (jusqu\u2019\u00e0 0,2kg) 4.80 \u20ac pour la, au d\u00e9part de la France m\u00e9tropolitaine ,<\/li>\n\n\n\n<li>Colissimo (jusqu\u2019\u00e0 0.250kg) 6,00 \u20ac pour la france m\u00e9tropolitaine applicable pour toute commande comprenant au moins un article de type \u00ab\u00a0Bo\u00eete\u00a0\u00bb.<\/li>\n<\/ul>\n\n\n\n<p><strong>Europe (Belgique uniquement) :<\/strong><\/p>\n\n\n\n<ul class=\"wp-block-list\">\n<li>Envoie en colis mondial relais avec retrait en point relais. Tarif unique de 7.2\u20ac<\/li>\n<\/ul>\n\n\n\n<p>Les frais d&rsquo;envoie sont gratuit \u00e0 compter de 75 \u20ac de commande. <\/p>\n\n\n\n<p>Les livraisons sont faites \u00e0 l\u2019adresse indiqu\u00e9e dans le bon de commande. Merci d\u2019\u00eatre pr\u00e9cis dans l\u2019adresse d\u2019exp\u00e9dition et de v\u00e9rifier que votre nom est bien visible sur votre boite aux lettres. <\/p>\n\n\n\n<p>Toute r\u00e9exp\u00e9dition caus\u00e9e par un manque de pr\u00e9cision sur l\u2019adresse de livraison, sera aux frais de l\u2019acheteur. Toute d\u00e9n\u00e9gation ne pourra aboutir \u00e0 une r\u00e9clamation ou une r\u00e9tractation.<br><\/p>\n\n\n\n<h3 class=\"wp-block-heading\">Pr\u00e9paration de la commande<\/h3>\n\n\n\n<p>Les commandes sont prises en charges g\u00e9n\u00e9ralement dans les 48h suivant la commande et celle ci est exp\u00e9di\u00e9s dans les 8 jours suivant la r\u00e9ception de votre paiement. <\/p>\n\n\n\n<p>La pr\u00e9paration et l&rsquo;envoie des boites de mouches peut elle n\u00e9cessiter quelques jours suppl\u00e9mentaire. Un mail vous sera alors envoyer pour vous en informer. <\/p>\n\n\n\n<h3 class=\"wp-block-heading\">Le transport de votre colis<\/h3>\n\n\n\n<p>Le mode d\u2019exp\u00e9dition standard est en lettre suivi pour la France et colissimo suivi sans signature pour les colis les plus encombrant. Pour la Belgique l&rsquo;envoie est lui r\u00e9alis\u00e9 \u00e0 l&rsquo;aide de Mondial Relay et la livraison est r\u00e9alis\u00e9e en point relay<\/p>\n\n\n\n<p>Quel que soit le mode d\u2019exp\u00e9dition choisi, nous vous fournirons d\u00e8s que possible un lien qui vous permettra de suivre en ligne la livraison de votre colis.<\/p>\n\n\n\n<p><\/p>\n\n\n\n<h3 class=\"wp-block-heading\">Garantie<\/h3>\n\n\n\n<p>Tous les produits fournis par le vendeur b\u00e9n\u00e9ficient de la garantie l\u00e9gale pr\u00e9vue par les articles 1641 et suivants du Code Civil.<\/p>\n\n\n\n<p>Toutes les r\u00e9clamations, demandes d\u2019\u00e9change ou de remboursement doivent s\u2019effectuer par voie postale \u00e0 l\u2019adresse suivante : <\/p>\n\n\n\n<p>Soci\u00e9t\u00e9 Saint-martin cedric gerard <\/p>\n\n\n\n<p>CSM Factory<\/p>\n\n\n\n<p>15 route d&rsquo;aucun <\/p>\n\n\n\n<p>65400 BUN France <br><\/p>\n\n\n\n<p>Responsabilit\u00e9<\/p>\n\n\n\n<p>Le vendeur, dans le processus de vente en ligne, n\u2019est tenu que par une obligation de moyens ; sa responsabilit\u00e9 ne pourra \u00eatre engag\u00e9e pour un dommage r\u00e9sultant de l\u2019utilisation du r\u00e9seau Internet tel que perte de donn\u00e9es, intrusion, virus, rupture du service, ou autres probl\u00e8mes involontaires.<br>Propri\u00e9t\u00e9 intellectuelle<\/p>\n\n\n\n<p>Tous les produits du site perdifly.com sont et restent la propri\u00e9t\u00e9 intellectuelle et exclusive de la soci\u00e9t\u00e9 CSM Factory. <\/p>\n\n\n\n<p> Personne n\u2019est autoris\u00e9 \u00e0 reproduire, exploiter, diffuser, ou utiliser \u00e0 quelque titre que ce soit, m\u00eame partiellement, des \u00e9l\u00e9ments du site qu\u2019ils soient logiciels, visuels ou sonores.<\/p>\n\n\n\n<h3 class=\"wp-block-heading\">Donn\u00e9es \u00e0 caract\u00e8re personnel<\/h3>\n\n\n\n<p>Conform\u00e9ment \u00e0 la loi relative \u00e0 l\u2019informatique, aux fichiers et aux libert\u00e9s du 6 janvier 1978, les informations \u00e0 caract\u00e8re nominatif relatives aux acheteurs pourront faire l\u2019objet d\u2019un traitement automatis\u00e9.<\/p>\n\n\n\n<p>La soci\u00e9t\u00e9 CSM factory se r\u00e9serve le droit de collecter des informations sur les acheteurs y compris en utilisant des cookies.<\/p>\n\n\n\n<p>Les acheteurs peuvent s\u2019opposer \u00e0 la divulgation de leurs coordonn\u00e9es en le signalant \u00e0 la soci\u00e9t\u00e9 CSM Factory . De m\u00eame, les utilisateurs disposent d\u2019un droit d\u2019acc\u00e8s et de rectification des donn\u00e9es les concernant, conform\u00e9ment \u00e0 la loi du 6 janvier 1978.<\/p>\n\n\n\n<h3 class=\"wp-block-heading\">Archivage \u2013 Preuve<\/h3>\n\n\n\n<p>La soci\u00e9t\u00e9 CSM factory  archivera les bons de commandes et les factures sur un support fiable et durable constituant une copie fid\u00e8le conform\u00e9ment aux dispositions de l\u2019article 1348 du Code Civil.<\/p>\n\n\n\n<p>Les registres informatis\u00e9s de CSM Factory seront consid\u00e9r\u00e9s par les parties comme preuve des communications, commandes, paiements, et transactions intervenues entre les parties.<\/p>\n\n\n\n<h3 class=\"wp-block-heading\">R\u00e8glement des litiges<\/h3>\n\n\n\n<p>Les pr\u00e9sentes conditions de vente en ligne sont soumises \u00e0 la loi fran\u00e7aise.<\/p>\n\n\n\n<p>En cas de litige, comp\u00e9tence est attribu\u00e9e aux tribunaux comp\u00e9tents de Paris, nonobstant pluralit\u00e9 de d\u00e9fendeurs ou appel en garantie.<br>Relations clients<\/p>\n\n\n\n<p>Pour toute information, question ou r\u00e9clamation, l\u2019acheteur peut adresser un mail \u00e0 l&rsquo;a soci\u00e9t\u00e9 CSM Factory&nbsp; via l&rsquo;adresse contact@perdifly.com.<\/p>\n","protected":false},"excerpt":{"rendered":"<p>Conditions G\u00e9n\u00e9rales de Vente Les pr\u00e9sentes conditions de vente sont conclues d\u2019une part par la soci\u00e9t\u00e9 CSM Factory&nbsp; marque page, et d\u2019autre part, par toute personne physique ou morale d\u00e9nomm\u00e9e ci-apr\u00e8s l\u2019acheteur souhaitant proc\u00e9der \u00e0 un achat via le site Internet Perfifly.com . Identification du vendeur CSM factory au capital de 1 000 EUR \u2013&hellip;&nbsp;<a href=\"https:\/\/perdifly.com\/index.php\/cgv\/\" rel=\"bookmark\">Lire la suite &raquo;<span class=\"screen-reader-text\">CGV<\/span><\/a><\/p>\n","protected":false},"author":2,"featured_media":0,"parent":0,"menu_order":0,"comment_status":"closed","ping_status":"closed","template":"","meta":{"neve_meta_sidebar":"full-width","neve_meta_container":"","neve_meta_enable_content_width":"on","neve_meta_content_width":100,"neve_meta_title_alignment":"","neve_meta_author_avatar":"","neve_post_elements_order":"","neve_meta_disable_header":"","neve_meta_disable_footer":"","neve_meta_disable_title":"","_themeisle_gutenberg_block_has_review":false,"footnotes":""},"class_list":["post-563","page","type-page","status-publish","hentry"],"_links":{"self":[{"href":"https:\/\/perdifly.com\/index.php\/wp-json\/wp\/v2\/pages\/563","targetHints":{"allow":["GET"]}}],"collection":[{"href":"https:\/\/perdifly.com\/index.php\/wp-json\/wp\/v2\/pages"}],"about":[{"href":"https:\/\/perdifly.com\/index.php\/wp-json\/wp\/v2\/types\/page"}],"author":[{"embeddable":true,"href":"https:\/\/perdifly.com\/index.php\/wp-json\/wp\/v2\/users\/2"}],"replies":[{"embeddable":true,"href":"https:\/\/perdifly.com\/index.php\/wp-json\/wp\/v2\/comments?post=563"}],"version-history":[{"count":5,"href":"https:\/\/perdifly.com\/index.php\/wp-json\/wp\/v2\/pages\/563\/revisions"}],"predecessor-version":[{"id":2713,"href":"https:\/\/perdifly.com\/index.php\/wp-json\/wp\/v2\/pages\/563\/revisions\/2713"}],"wp:attachment":[{"href":"https:\/\/perdifly.com\/index.php\/wp-json\/wp\/v2\/media?parent=563"}],"curies":[{"name":"wp","href":"https:\/\/api.w.org\/{rel}","templated":true}]}}